{"id":15585,"date":"2025-09-23T11:12:51","date_gmt":"2025-09-23T09:12:51","guid":{"rendered":"https:\/\/www.sicoly.fr\/customer-area\/"},"modified":"2026-01-16T16:55:35","modified_gmt":"2026-01-16T15:55:35","slug":"customer-area","status":"publish","type":"page","link":"https:\/\/www.sicoly.fr\/en\/customer-area\/","title":{"rendered":"Customer area"},"content":{"rendered":"\t\t<div data-elementor-type=\"wp-page\" data-elementor-id=\"15585\" class=\"elementor elementor-15585 elementor-5261\" data-elementor-post-type=\"page\">\n\t\t\t\t<div class=\"elementor-element elementor-element-33c5f38 e-flex e-con-boxed e-con e-parent\" data-id=\"33c5f38\" data-element_type=\"container\" data-e-type=\"container\">\n\t\t\t\t\t<div class=\"e-con-inner\">\n\t\t\t\t\t<\/div>\n\t\t\t\t<\/div>\n\t\t<div class=\"elementor-element elementor-element-4849e51 e-flex e-con-boxed e-con e-parent\" data-id=\"4849e51\" data-element_type=\"container\" data-e-type=\"container\">\n\t\t\t\t\t<div class=\"e-con-inner\">\n\t\t<div class=\"elementor-element elementor-element-398e0d4 e-con-full e-flex e-con e-child\" data-id=\"398e0d4\" data-element_type=\"container\" data-e-type=\"container\" data-settings=\"{&quot;background_background&quot;:&quot;classic&quot;}\">\n\t\t\t\t<div class=\"elementor-element elementor-element-c13c0b3 elementor-widget elementor-widget-text-editor\" data-id=\"c13c0b3\" data-element_type=\"widget\" data-e-type=\"widget\" data-widget_type=\"text-editor.default\">\n\t\t\t\t\t\t\t\t\t<p>CUSTOMER AREA<\/p>\t\t\t\t\t\t\t\t<\/div>\n\t\t\t\t<div class=\"elementor-element elementor-element-29b35b5 elementor-widget elementor-widget-heading\" data-id=\"29b35b5\" data-element_type=\"widget\" data-e-type=\"widget\" data-widget_type=\"heading.default\">\n\t\t\t\t\t<div class=\"elementor-heading-title elementor-size-default\">Log in<\/div>\t\t\t\t<\/div>\n\t\t\t\t<div class=\"elementor-element elementor-element-45f7ec6 elementor-button-align-center elementor-widget elementor-widget-login\" data-id=\"45f7ec6\" data-element_type=\"widget\" data-e-type=\"widget\" data-widget_type=\"login.default\">\n\t\t\t\t\t\t\t<form class=\"elementor-login elementor-form\" method=\"post\" action=\"https:\/\/www.sicoly.fr\/wp-login.php?itsec-hb-token=sclylogin\" aria-label=\"Login form\">\n\t\t\t<input type=\"hidden\" name=\"redirect_to\" value=\"https:\/\/www.sicoly.fr\/espace-client\/\">\n\t\t\t<div class=\"elementor-form-fields-wrapper\">\n\t\t\t\t<div class=\"elementor-field-type-text elementor-field-group elementor-column elementor-col-100 elementor-field-required\">\n\t\t\t\t\t<label for=\"user-45f7ec6\" class=\"elementor-field-label\"><\/label>\n\t\t\t\t\t<input size=\"1\" type=\"text\" name=\"log\" id=\"user-45f7ec6\" placeholder=\"Username or email address\" class=\"elementor-field elementor-field-textual elementor-size-xl\">\n\t\t\t\t<\/div>\n\t\t\t\t<div class=\"elementor-field-type-text elementor-field-group elementor-column elementor-col-100 elementor-field-required\">\n\t\t\t\t\t<label for=\"password-45f7ec6\" class=\"elementor-field-label\"><\/label>\n\t\t\t\t\t<input size=\"1\" type=\"password\" name=\"pwd\" id=\"password-45f7ec6\" placeholder=\"Password\" class=\"elementor-field elementor-field-textual elementor-size-xl\">\n\t\t\t\t<\/div>\n\n\t\t\t\t\t\t\t\t\t<div class=\"elementor-field-type-checkbox elementor-field-group elementor-column elementor-col-100 elementor-remember-me\">\n\t\t\t\t\t\t<label for=\"elementor-login-remember-me\">\n\t\t\t\t\t\t\t<input type=\"checkbox\" id=\"elementor-login-remember-me\" name=\"rememberme\" value=\"forever\">\n\t\t\t\t\t\t\tRemember Me\t\t\t\t\t\t<\/label>\n\t\t\t\t\t<\/div>\n\t\t\t\t\n\t\t\t\t<div class=\"elementor-field-group elementor-column elementor-field-type-submit elementor-col-100\">\n\t\t\t\t\t<button type=\"submit\" class=\"elementor-size-sm elementor-button\" name=\"wp-submit\">\n\t\t\t\t\t\t\t\t\t\t\t\t\t\t\t<span class=\"elementor-button-text\">Log in<\/span>\n\t\t\t\t\t\t\t\t\t\t\t\t<\/button>\n\t\t\t\t<\/div>\n\n\t\t\t\t\t\t\t\t\t<div class=\"elementor-field-group elementor-column elementor-col-100\">\n\t\t\t\t\t\t\t\t\t\t\t\t\t\t\t\t\t\t\t\t<a class=\"elementor-lost-password\" href=\"https:\/\/www.sicoly.fr\/wp-login.php?itsec-hb-token=sclylogin&action=lostpassword&redirect_to=https%3A%2F%2Fwww.sicoly.fr%2Fespace-client%2F\">\n\t\t\t\t\t\t\t\tLost your password?\t\t\t\t\t\t\t<\/a>\n\t\t\t\t\t\t\n\t\t\t\t\t\t\t\t\t\t\t<\/div>\n\t\t\t\t\t\t\t<\/div>\n\t\t<\/form>\n\t\t\t\t\t\t<\/div>\n\t\t\t\t<\/div>\n\t\t\t\t\t<\/div>\n\t\t\t\t<\/div>\n\t\t\t\t<\/div>\n\t\t","protected":false},"excerpt":{"rendered":"<p>CUSTOMER AREA Log in My customer area Find here all the SICOLY documents made available to you. Recherche Toutes cat\u00e9gories Toutes cat\u00e9gories *Accueil **Secteur fruits transform\u00e9s ***Plaquettes produits surgel\u00e9s ***Photos ****Produits *****Pur\u00e9es de fruits surgel\u00e9es ****Recettes *****Fran\u00e7ois Galtier *****Quentin Bailly *****Jean-Jacques Borne *****Tony Bellavia *Charte graphique Recherche FILTRE \u00c9tiquettes Filtres No tags in this category [&hellip;]<\/p>\n","protected":false},"author":5,"featured_media":0,"parent":0,"menu_order":0,"comment_status":"closed","ping_status":"closed","template":"elementor_header_footer","meta":{"_acf_changed":false,"footnotes":""},"class_list":["post-15585","page","type-page","status-publish","hentry"],"acf":[],"yoast_head":"<!-- This site is optimized with the Yoast SEO plugin v27.4 - https:\/\/yoast.com\/product\/yoast-seo-wordpress\/ -->\n<title>Customer area - Sicoly<\/title>\n<meta name=\"robots\" content=\"index, follow, max-snippet:-1, max-image-preview:large, max-video-preview:-1\" \/>\n<link rel=\"canonical\" href=\"https:\/\/www.sicoly.fr\/en\/customer-area\/\" \/>\n<meta property=\"og:locale\" content=\"en_US\" \/>\n<meta property=\"og:type\" content=\"article\" \/>\n<meta property=\"og:title\" content=\"Customer area - Sicoly\" \/>\n<meta property=\"og:description\" content=\"CUSTOMER AREA Log in My customer area Find here all the SICOLY documents made available to you. Recherche Toutes cat\u00e9gories Toutes cat\u00e9gories *Accueil **Secteur fruits transform\u00e9s ***Plaquettes produits surgel\u00e9s ***Photos ****Produits *****Pur\u00e9es de fruits surgel\u00e9es ****Recettes *****Fran\u00e7ois Galtier *****Quentin Bailly *****Jean-Jacques Borne *****Tony Bellavia *Charte graphique Recherche FILTRE \u00c9tiquettes Filtres No tags in this category [&hellip;]\" \/>\n<meta property=\"og:url\" content=\"https:\/\/www.sicoly.fr\/en\/customer-area\/\" \/>\n<meta property=\"og:site_name\" content=\"Sicoly\" \/>\n<meta property=\"article:modified_time\" content=\"2026-01-16T15:55:35+00:00\" \/>\n<meta property=\"og:image\" content=\"https:\/\/www.sicoly.fr\/wp-content\/plugins\/wp-file-download\/app\/site\/assets\/images\/searchloader.svg\" \/>\n<meta name=\"twitter:card\" content=\"summary_large_image\" \/>\n<meta name=\"twitter:label1\" content=\"Est. reading time\" \/>\n\t<meta name=\"twitter:data1\" content=\"1 minute\" \/>\n<script type=\"application\/ld+json\" class=\"yoast-schema-graph\">{\"@context\":\"https:\\\/\\\/schema.org\",\"@graph\":[{\"@type\":\"WebPage\",\"@id\":\"https:\\\/\\\/www.sicoly.fr\\\/en\\\/customer-area\\\/\",\"url\":\"https:\\\/\\\/www.sicoly.fr\\\/en\\\/customer-area\\\/\",\"name\":\"Customer area - Sicoly\",\"isPartOf\":{\"@id\":\"https:\\\/\\\/www.sicoly.fr\\\/en\\\/#website\"},\"primaryImageOfPage\":{\"@id\":\"https:\\\/\\\/www.sicoly.fr\\\/en\\\/customer-area\\\/#primaryimage\"},\"image\":{\"@id\":\"https:\\\/\\\/www.sicoly.fr\\\/en\\\/customer-area\\\/#primaryimage\"},\"thumbnailUrl\":\"https:\\\/\\\/www.sicoly.fr\\\/wp-content\\\/plugins\\\/wp-file-download\\\/app\\\/site\\\/assets\\\/images\\\/searchloader.svg\",\"datePublished\":\"2025-09-23T09:12:51+00:00\",\"dateModified\":\"2026-01-16T15:55:35+00:00\",\"breadcrumb\":{\"@id\":\"https:\\\/\\\/www.sicoly.fr\\\/en\\\/customer-area\\\/#breadcrumb\"},\"inLanguage\":\"en-US\",\"potentialAction\":[{\"@type\":\"ReadAction\",\"target\":[\"https:\\\/\\\/www.sicoly.fr\\\/en\\\/customer-area\\\/\"]}]},{\"@type\":\"ImageObject\",\"inLanguage\":\"en-US\",\"@id\":\"https:\\\/\\\/www.sicoly.fr\\\/en\\\/customer-area\\\/#primaryimage\",\"url\":\"https:\\\/\\\/www.sicoly.fr\\\/wp-content\\\/plugins\\\/wp-file-download\\\/app\\\/site\\\/assets\\\/images\\\/searchloader.svg\",\"contentUrl\":\"https:\\\/\\\/www.sicoly.fr\\\/wp-content\\\/plugins\\\/wp-file-download\\\/app\\\/site\\\/assets\\\/images\\\/searchloader.svg\"},{\"@type\":\"BreadcrumbList\",\"@id\":\"https:\\\/\\\/www.sicoly.fr\\\/en\\\/customer-area\\\/#breadcrumb\",\"itemListElement\":[{\"@type\":\"ListItem\",\"position\":1,\"name\":\"Accueil\",\"item\":\"https:\\\/\\\/www.sicoly.fr\\\/en\\\/\"},{\"@type\":\"ListItem\",\"position\":2,\"name\":\"Customer area\"}]},{\"@type\":\"WebSite\",\"@id\":\"https:\\\/\\\/www.sicoly.fr\\\/en\\\/#website\",\"url\":\"https:\\\/\\\/www.sicoly.fr\\\/en\\\/\",\"name\":\"Sicoly\",\"description\":\"Un site utilisant WordPress\",\"publisher\":{\"@id\":\"https:\\\/\\\/www.sicoly.fr\\\/en\\\/#organization\"},\"potentialAction\":[{\"@type\":\"SearchAction\",\"target\":{\"@type\":\"EntryPoint\",\"urlTemplate\":\"https:\\\/\\\/www.sicoly.fr\\\/en\\\/?s={search_term_string}\"},\"query-input\":{\"@type\":\"PropertyValueSpecification\",\"valueRequired\":true,\"valueName\":\"search_term_string\"}}],\"inLanguage\":\"en-US\"},{\"@type\":\"Organization\",\"@id\":\"https:\\\/\\\/www.sicoly.fr\\\/en\\\/#organization\",\"name\":\"Sicoly\",\"url\":\"https:\\\/\\\/www.sicoly.fr\\\/en\\\/\",\"logo\":{\"@type\":\"ImageObject\",\"inLanguage\":\"en-US\",\"@id\":\"https:\\\/\\\/www.sicoly.fr\\\/en\\\/#\\\/schema\\\/logo\\\/image\\\/\",\"url\":\"https:\\\/\\\/www.sicoly.fr\\\/wp-content\\\/uploads\\\/2025\\\/06\\\/logo-header.svg\",\"contentUrl\":\"https:\\\/\\\/www.sicoly.fr\\\/wp-content\\\/uploads\\\/2025\\\/06\\\/logo-header.svg\",\"width\":134,\"height\":75,\"caption\":\"Sicoly\"},\"image\":{\"@id\":\"https:\\\/\\\/www.sicoly.fr\\\/en\\\/#\\\/schema\\\/logo\\\/image\\\/\"},\"sameAs\":[\"https:\\\/\\\/www.instagram.com\\\/accounts\\\/login\\\/?next=sicoly_fruit\",\"https:\\\/\\\/www.youtube.com\\\/@sicoly-sicodis3526\",\"https:\\\/\\\/www.linkedin.com\\\/company\\\/sica-sicodis\\\/\"]}]}<\/script>\n<!-- \/ Yoast SEO plugin. -->","yoast_head_json":{"title":"Customer area - Sicoly","robots":{"index":"index","follow":"follow","max-snippet":"max-snippet:-1","max-image-preview":"max-image-preview:large","max-video-preview":"max-video-preview:-1"},"canonical":"https:\/\/www.sicoly.fr\/en\/customer-area\/","og_locale":"en_US","og_type":"article","og_title":"Customer area - Sicoly","og_description":"CUSTOMER AREA Log in My customer area Find here all the SICOLY documents made available to you. Recherche Toutes cat\u00e9gories Toutes cat\u00e9gories *Accueil **Secteur fruits transform\u00e9s ***Plaquettes produits surgel\u00e9s ***Photos ****Produits *****Pur\u00e9es de fruits surgel\u00e9es ****Recettes *****Fran\u00e7ois Galtier *****Quentin Bailly *****Jean-Jacques Borne *****Tony Bellavia *Charte graphique Recherche FILTRE \u00c9tiquettes Filtres No tags in this category [&hellip;]","og_url":"https:\/\/www.sicoly.fr\/en\/customer-area\/","og_site_name":"Sicoly","article_modified_time":"2026-01-16T15:55:35+00:00","og_image":[{"url":"https:\/\/www.sicoly.fr\/wp-content\/plugins\/wp-file-download\/app\/site\/assets\/images\/searchloader.svg","type":"","width":"","height":""}],"twitter_card":"summary_large_image","twitter_misc":{"Est. reading time":"1 minute"},"schema":{"@context":"https:\/\/schema.org","@graph":[{"@type":"WebPage","@id":"https:\/\/www.sicoly.fr\/en\/customer-area\/","url":"https:\/\/www.sicoly.fr\/en\/customer-area\/","name":"Customer area - Sicoly","isPartOf":{"@id":"https:\/\/www.sicoly.fr\/en\/#website"},"primaryImageOfPage":{"@id":"https:\/\/www.sicoly.fr\/en\/customer-area\/#primaryimage"},"image":{"@id":"https:\/\/www.sicoly.fr\/en\/customer-area\/#primaryimage"},"thumbnailUrl":"https:\/\/www.sicoly.fr\/wp-content\/plugins\/wp-file-download\/app\/site\/assets\/images\/searchloader.svg","datePublished":"2025-09-23T09:12:51+00:00","dateModified":"2026-01-16T15:55:35+00:00","breadcrumb":{"@id":"https:\/\/www.sicoly.fr\/en\/customer-area\/#breadcrumb"},"inLanguage":"en-US","potentialAction":[{"@type":"ReadAction","target":["https:\/\/www.sicoly.fr\/en\/customer-area\/"]}]},{"@type":"ImageObject","inLanguage":"en-US","@id":"https:\/\/www.sicoly.fr\/en\/customer-area\/#primaryimage","url":"https:\/\/www.sicoly.fr\/wp-content\/plugins\/wp-file-download\/app\/site\/assets\/images\/searchloader.svg","contentUrl":"https:\/\/www.sicoly.fr\/wp-content\/plugins\/wp-file-download\/app\/site\/assets\/images\/searchloader.svg"},{"@type":"BreadcrumbList","@id":"https:\/\/www.sicoly.fr\/en\/customer-area\/#breadcrumb","itemListElement":[{"@type":"ListItem","position":1,"name":"Accueil","item":"https:\/\/www.sicoly.fr\/en\/"},{"@type":"ListItem","position":2,"name":"Customer area"}]},{"@type":"WebSite","@id":"https:\/\/www.sicoly.fr\/en\/#website","url":"https:\/\/www.sicoly.fr\/en\/","name":"Sicoly","description":"Un site utilisant WordPress","publisher":{"@id":"https:\/\/www.sicoly.fr\/en\/#organization"},"potentialAction":[{"@type":"SearchAction","target":{"@type":"EntryPoint","urlTemplate":"https:\/\/www.sicoly.fr\/en\/?s={search_term_string}"},"query-input":{"@type":"PropertyValueSpecification","valueRequired":true,"valueName":"search_term_string"}}],"inLanguage":"en-US"},{"@type":"Organization","@id":"https:\/\/www.sicoly.fr\/en\/#organization","name":"Sicoly","url":"https:\/\/www.sicoly.fr\/en\/","logo":{"@type":"ImageObject","inLanguage":"en-US","@id":"https:\/\/www.sicoly.fr\/en\/#\/schema\/logo\/image\/","url":"https:\/\/www.sicoly.fr\/wp-content\/uploads\/2025\/06\/logo-header.svg","contentUrl":"https:\/\/www.sicoly.fr\/wp-content\/uploads\/2025\/06\/logo-header.svg","width":134,"height":75,"caption":"Sicoly"},"image":{"@id":"https:\/\/www.sicoly.fr\/en\/#\/schema\/logo\/image\/"},"sameAs":["https:\/\/www.instagram.com\/accounts\/login\/?next=sicoly_fruit","https:\/\/www.youtube.com\/@sicoly-sicodis3526","https:\/\/www.linkedin.com\/company\/sica-sicodis\/"]}]}},"_links":{"self":[{"href":"https:\/\/www.sicoly.fr\/en\/wp-json\/wp\/v2\/pages\/15585","targetHints":{"allow":["GET"]}}],"collection":[{"href":"https:\/\/www.sicoly.fr\/en\/wp-json\/wp\/v2\/pages"}],"about":[{"href":"https:\/\/www.sicoly.fr\/en\/wp-json\/wp\/v2\/types\/page"}],"author":[{"embeddable":true,"href":"https:\/\/www.sicoly.fr\/en\/wp-json\/wp\/v2\/users\/5"}],"replies":[{"embeddable":true,"href":"https:\/\/www.sicoly.fr\/en\/wp-json\/wp\/v2\/comments?post=15585"}],"version-history":[{"count":3,"href":"https:\/\/www.sicoly.fr\/en\/wp-json\/wp\/v2\/pages\/15585\/revisions"}],"predecessor-version":[{"id":15687,"href":"https:\/\/www.sicoly.fr\/en\/wp-json\/wp\/v2\/pages\/15585\/revisions\/15687"}],"wp:attachment":[{"href":"https:\/\/www.sicoly.fr\/en\/wp-json\/wp\/v2\/media?parent=15585"}],"curies":[{"name":"wp","href":"https:\/\/api.w.org\/{rel}","templated":true}]}}