{"id":8488,"date":"2025-08-26T10:39:59","date_gmt":"2025-08-26T08:39:59","guid":{"rendered":"https:\/\/www.sicoly.fr\/informacion-legal\/"},"modified":"2025-11-03T15:14:03","modified_gmt":"2025-11-03T14:14:03","slug":"informacion-legal","status":"publish","type":"page","link":"https:\/\/www.sicoly.fr\/es\/informacion-legal\/","title":{"rendered":"Informaci\u00f3n legal"},"content":{"rendered":"\t\t<div data-elementor-type=\"wp-page\" data-elementor-id=\"8488\" class=\"elementor elementor-8488 elementor-2990\" data-elementor-post-type=\"page\">\n\t\t\t\t<div class=\"elementor-element elementor-element-7e04a6fc e-flex e-con-boxed e-con e-parent\" data-id=\"7e04a6fc\" data-element_type=\"container\" data-e-type=\"container\">\n\t\t\t\t\t<div class=\"e-con-inner\">\n\t\t<div class=\"elementor-element elementor-element-46334cbd e-con-full e-flex e-con e-child\" data-id=\"46334cbd\" data-element_type=\"container\" data-e-type=\"container\">\n\t\t\t\t<div class=\"elementor-element elementor-element-956e629 elementor-widget elementor-widget-heading\" data-id=\"956e629\" data-element_type=\"widget\" data-e-type=\"widget\" data-widget_type=\"heading.default\">\n\t\t\t\t\t<h1 class=\"elementor-heading-title elementor-size-default\">Informaci\u00f3n legal<\/h1>\t\t\t\t<\/div>\n\t\t\t\t<div class=\"elementor-element elementor-element-36e6a52 elementor-widget elementor-widget-heading\" data-id=\"36e6a52\" data-element_type=\"widget\" data-e-type=\"widget\" data-widget_type=\"heading.default\">\n\t\t\t\t\t<h2 class=\"elementor-heading-title elementor-size-default\">1- Informaci\u00f3n general<\/h2>\t\t\t\t<\/div>\n\t\t\t\t<div class=\"elementor-element elementor-element-aaccfe3 elementor-widget elementor-widget-text-editor\" data-id=\"aaccfe3\" data-element_type=\"widget\" data-e-type=\"widget\" data-widget_type=\"text-editor.default\">\n\t\t\t\t\t\t\t\t\t<div class=\"row\"><div class=\"col-xs-12 col-sm-12 col-md-12 col-lg-12 col-xl-12\">El objetivo de estas Condiciones de uso es definir las condiciones de acceso y uso del sitio web www.sicoly.fr. Estas Condiciones de uso tambi\u00e9n se aplican a las versiones www.sicoly.com, www.sicoly.es, www.sicoly.jp, www.sicoly.ae.org y www.sicoly.cn.com del sitio web. <\/div><div id=\"ext-gen5990\" class=\"col-xs-12 col-sm-12 col-md-12 col-lg-12 col-xl-12\"><p>La consulta del sitio est\u00e1 sujeta a la plena aceptaci\u00f3n y cumplimiento de estas Condiciones de Uso por parte del internauta.<\/p><p>Se puede acceder a estas Condiciones de uso en cualquier momento a trav\u00e9s de un enlace de hipertexto \u00abAviso legal\u00bb en cada p\u00e1gina del sitio web www.sicoly.fr.<\/p><p>Este sitio web est\u00e1 editado por SICODIS SICA-SAS, sociedad con capital de 38.112 euros, con domicilio social en 475, route de Mornant &#8211; 69440 SAINT LAURENT D&#8217;AGNY, inscrita en el Registro Mercantil de LYON con el n\u00famero 331 108 431 (n\u00famero de identificaci\u00f3n intracomunitario: FR 06 331 108 431).<\/p><p id=\"ext-gen5989\">La directora de la publicaci\u00f3n es: Am\u00e9lie Pouriel<\/p><p id=\"ext-gen5988\">Este sitio web est\u00e1 alojado en: Haisoft SARL<br>Dise\u00f1o web: <a id=\"ext-gen6027\" href=\"https:\/\/www.comete.com\/\" target=\"_blank\" rel=\"noopener\">Agence de communication Lyon Com\u00e8te<\/a><\/p><\/div><\/div>\t\t\t\t\t\t\t\t<\/div>\n\t\t\t\t<div class=\"elementor-element elementor-element-5375ce6 elementor-widget elementor-widget-heading\" data-id=\"5375ce6\" data-element_type=\"widget\" data-e-type=\"widget\" data-widget_type=\"heading.default\">\n\t\t\t\t\t<h2 class=\"elementor-heading-title elementor-size-default\">2- Finalidad del sitio<\/h2>\t\t\t\t<\/div>\n\t\t\t\t<div class=\"elementor-element elementor-element-e3fdbce elementor-widget elementor-widget-text-editor\" data-id=\"e3fdbce\" data-element_type=\"widget\" data-e-type=\"widget\" data-widget_type=\"text-editor.default\">\n\t\t\t\t\t\t\t\t\t<div class=\"row\"><div class=\"col-xs-12 col-sm-12 col-md-12 col-lg-12 col-xl-12\"><p>El objetivo del sitio web www.sicoly.fr es :<\/p><ul><li style=\"list-style-type: none;\"><ul><li>Presentar el grupo cooperativo SICOLY-SICODIS y sus productos,<\/li><li>presenta la tienda \u00abTerres Lyonnaises\u00bb gestionada por SICODIS,<\/li><li>distribuir informaci\u00f3n y noticias sobre la cooperativa.<\/li><\/ul><\/li><\/ul><p><b>Advertencia:<\/b><\/p><p>SICOLY es una cooperativa agr\u00edcola que agrupa a los fruticultores de la regi\u00f3n de Lyon. SICODIS es la empresa que transforma y comercializa los productos de los huertos de los productores. SICODIS tiene la licencia exclusiva de la marca SICOLY\u00ae.  <\/p><ul><li>ofrecen \u00abrecetas y consejos de un chef\u00bb.<\/li><\/ul><p>Los servicios ofrecidos y descritos en estas Condiciones de uso son gratuitos.<\/p><\/div><\/div>\t\t\t\t\t\t\t\t<\/div>\n\t\t\t\t<div class=\"elementor-element elementor-element-44288c9 elementor-widget elementor-widget-heading\" data-id=\"44288c9\" data-element_type=\"widget\" data-e-type=\"widget\" data-widget_type=\"heading.default\">\n\t\t\t\t\t<h2 class=\"elementor-heading-title elementor-size-default\">3- Datos personales<\/h2>\t\t\t\t<\/div>\n\t\t\t\t<div class=\"elementor-element elementor-element-09a9d76 elementor-widget elementor-widget-heading\" data-id=\"09a9d76\" data-element_type=\"widget\" data-e-type=\"widget\" data-widget_type=\"heading.default\">\n\t\t\t\t\t<h3 class=\"elementor-heading-title elementor-size-default\">Recogida de datos<\/h3>\t\t\t\t<\/div>\n\t\t\t\t<div class=\"elementor-element elementor-element-545b33f elementor-widget elementor-widget-text-editor\" data-id=\"545b33f\" data-element_type=\"widget\" data-e-type=\"widget\" data-widget_type=\"text-editor.default\">\n\t\t\t\t\t\t\t\t\t<div class=\"row\"><div class=\"col-xs-12 col-sm-12 col-md-12 col-lg-12 col-xl-12\"><div class=\"row\"><div class=\"col-xs-12 col-sm-12 col-md-12 col-lg-12 col-xl-12\"><p>SICODIS, que procesa datos personales, ha declarado el sitio web www.sicoly.fr a la CNIL. El sitio web est\u00e1 registrado con el n\u00ba 1563897v0. <\/p><p>El internauta puede optar por suscribirse al bolet\u00edn informativo (Le Sicolien). El internauta tambi\u00e9n puede rellenar un formulario para ser contactado por SICODIS o para ser contratado como temporero para SICOLY y SICODIS. <\/p><p>En tales casos, se recoger\u00e1n datos personales. Se informa a los internautas de que los datos personales indicados como obligatorios en los formularios y recogidos en el marco de dicho servicio son necesarios para la utilizaci\u00f3n de este servicio. A menos que el usuario de Internet acepte la transferencia de sus datos, estos datos se utilizan \u00fanicamente en el marco de este servicio y est\u00e1n destinados exclusivamente a las empresas SICOLY y SICODIS y a sus proveedores de servicios t\u00e9cnicos, que toman las precauciones necesarias para preservar, en la medida de lo posible, la seguridad de los datos.  <\/p><p>El internauta autoriza a SICODIS a proporcionar determinada informaci\u00f3n a sus proveedores de servicios t\u00e9cnicos para que el internauta pueda beneficiarse de determinadas funciones del sitio.<\/p><p>Los usuarios de Internet tambi\u00e9n pueden darse de baja del bolet\u00edn en cualquier momento haciendo clic en el enlace que aparece al final de la p\u00e1gina cuando reciben el bolet\u00edn. Todos los datos personales se eliminar\u00e1n inmediatamente. <\/p><\/div><\/div><\/div><\/div>\t\t\t\t\t\t\t\t<\/div>\n\t\t\t\t<div class=\"elementor-element elementor-element-d3075af elementor-widget elementor-widget-heading\" data-id=\"d3075af\" data-element_type=\"widget\" data-e-type=\"widget\" data-widget_type=\"heading.default\">\n\t\t\t\t\t<h3 class=\"elementor-heading-title elementor-size-default\">Derecho de acceso a los datos<\/h3>\t\t\t\t<\/div>\n\t\t\t\t<div class=\"elementor-element elementor-element-fe86ed4 elementor-widget elementor-widget-text-editor\" data-id=\"fe86ed4\" data-element_type=\"widget\" data-e-type=\"widget\" data-widget_type=\"text-editor.default\">\n\t\t\t\t\t\t\t\t\t<div class=\"row\"><div class=\"col-xs-12 col-sm-12 col-md-12 col-lg-12 col-xl-12\"><div class=\"row\"><div class=\"col-xs-12 col-sm-12 col-md-12 col-lg-12 col-xl-12\">De conformidad con la Ley francesa de Protecci\u00f3n de Datos n\u00ba 78.17 de 6 de enero de 1978, los internautas disponen de un derecho de acceso, rectificaci\u00f3n, oposici\u00f3n y supresi\u00f3n de los datos personales que les conciernan, enviando una solicitud por correo electr\u00f3nico a trav\u00e9s del formulario de contacto, especificando su solicitud en la casilla \u00abdejar un comentario\u00bb, o por correo postal a la siguiente direcci\u00f3n: SICODIS &#8211; 475, route de Mornant &#8211; 69440 SAINT LAURENT D&#8217;AGNY.<\/div><\/div><\/div><\/div>\t\t\t\t\t\t\t\t<\/div>\n\t\t\t\t<div class=\"elementor-element elementor-element-71b1084 elementor-widget elementor-widget-heading\" data-id=\"71b1084\" data-element_type=\"widget\" data-e-type=\"widget\" data-widget_type=\"heading.default\">\n\t\t\t\t\t<h3 class=\"elementor-heading-title elementor-size-default\">Cookies<\/h3>\t\t\t\t<\/div>\n\t\t\t\t<div class=\"elementor-element elementor-element-c476591 elementor-widget elementor-widget-text-editor\" data-id=\"c476591\" data-element_type=\"widget\" data-e-type=\"widget\" data-widget_type=\"text-editor.default\">\n\t\t\t\t\t\t\t\t\t<div class=\"row\"><div class=\"col-xs-12 col-sm-12 col-md-12 col-lg-12 col-xl-12\"><div class=\"row\"><div class=\"col-xs-12 col-sm-12 col-md-12 col-lg-12 col-xl-12\">El sitio web www.sicoly.fr no coloca cookies en el ordenador del usuario de Internet.<\/div><\/div><\/div><\/div>\t\t\t\t\t\t\t\t<\/div>\n\t\t\t\t<div class=\"elementor-element elementor-element-e59526d elementor-widget elementor-widget-heading\" data-id=\"e59526d\" data-element_type=\"widget\" data-e-type=\"widget\" data-widget_type=\"heading.default\">\n\t\t\t\t\t<h2 class=\"elementor-heading-title elementor-size-default\">4- Limitaciones de responsabilidad y garant\u00edas<\/h2>\t\t\t\t<\/div>\n\t\t\t\t<div class=\"elementor-element elementor-element-9006014 elementor-widget elementor-widget-heading\" data-id=\"9006014\" data-element_type=\"widget\" data-e-type=\"widget\" data-widget_type=\"heading.default\">\n\t\t\t\t\t<h3 class=\"elementor-heading-title elementor-size-default\">C\u00f3mo funciona la red<\/h3>\t\t\t\t<\/div>\n\t\t\t\t<div class=\"elementor-element elementor-element-1b9554d elementor-widget elementor-widget-text-editor\" data-id=\"1b9554d\" data-element_type=\"widget\" data-e-type=\"widget\" data-widget_type=\"text-editor.default\">\n\t\t\t\t\t\t\t\t\t<div class=\"row\"><div class=\"col-xs-12 col-sm-12 col-md-12 col-lg-12 col-xl-12\"><div class=\"row\"><div class=\"col-xs-12 col-sm-12 col-md-12 col-lg-12 col-xl-12\"><p>El internauta autoriza a SICODIS a proporcionar determinada informaci\u00f3n a sus proveedores de servicios t\u00e9cnicos para que el internauta pueda beneficiarse de determinadas funciones del sitio.<\/p><p>La navegaci\u00f3n por el sitio web www.sicoly.fr es responsabilidad exclusiva del usuario de Internet. SICODIS no se hace responsable de los da\u00f1os o inconvenientes inherentes al uso de Internet. <\/p><\/div><\/div><\/div><\/div>\t\t\t\t\t\t\t\t<\/div>\n\t\t\t\t<div class=\"elementor-element elementor-element-dca8b0d elementor-widget elementor-widget-heading\" data-id=\"dca8b0d\" data-element_type=\"widget\" data-e-type=\"widget\" data-widget_type=\"heading.default\">\n\t\t\t\t\t<h3 class=\"elementor-heading-title elementor-size-default\">Uso del sitio<\/h3>\t\t\t\t<\/div>\n\t\t\t\t<div class=\"elementor-element elementor-element-882ce47 elementor-widget elementor-widget-text-editor\" data-id=\"882ce47\" data-element_type=\"widget\" data-e-type=\"widget\" data-widget_type=\"text-editor.default\">\n\t\t\t\t\t\t\t\t\t<div class=\"row\">El sitio web www.sicoly.fr no presenta a todos los productores miembros de la cooperativa SICOLY.<\/div><div class=\"row\"><div class=\"col-xs-12 col-sm-12 col-md-12 col-lg-12 col-xl-12\"><p>SICODIS elabora las fichas de presentaci\u00f3n de los miembros a partir de la informaci\u00f3n facilitada por \u00e9stos.<\/p><p>La presentaci\u00f3n de los productos y sus envases no es exhaustiva y depende de la estacionalidad de los productos. Las ofertas pueden cambiar en cualquier momento. En cualquier caso, la informaci\u00f3n que figura en el sitio web es de car\u00e1cter general. SICODIS no se hace responsable del suministro de todos los productos presentados.   <\/p><p>Las recetas y fichas de consejos publicadas en l\u00ednea han sido elaboradas por profesionales de la restauraci\u00f3n y la pasteler\u00eda. Est\u00e1n destinadas a un uso puramente privado. <\/p><p>SICODIS no garantiza en ning\u00fan caso la exactitud, fiabilidad o resultados de esta informaci\u00f3n.<\/p><p>Algunas de las recetas pueden contener bebidas alcoh\u00f3licas. SICODIS te recuerda que el abuso de alcohol es peligroso para la salud y que debe consumirse con moderaci\u00f3n. Estas recetas no pretenden en modo alguno promocionar estas bebidas alcoh\u00f3licas.  <\/p><p>El Usuario de Internet reconoce expresamente que las fotos del sitio web www.sicoly.fr son meramente ilustrativas.<\/p><\/div><\/div>\t\t\t\t\t\t\t\t<\/div>\n\t\t\t\t<div class=\"elementor-element elementor-element-feb67f8 elementor-widget elementor-widget-heading\" data-id=\"feb67f8\" data-element_type=\"widget\" data-e-type=\"widget\" data-widget_type=\"heading.default\">\n\t\t\t\t\t<h3 class=\"elementor-heading-title elementor-size-default\">Enlaces de hipertexto<\/h3>\t\t\t\t<\/div>\n\t\t\t\t<div class=\"elementor-element elementor-element-885ac3f elementor-widget elementor-widget-text-editor\" data-id=\"885ac3f\" data-element_type=\"widget\" data-e-type=\"widget\" data-widget_type=\"text-editor.default\">\n\t\t\t\t\t\t\t\t\t<div class=\"row\"><div class=\"col-xs-12 col-sm-12 col-md-12 col-lg-12 col-xl-12\"><p>El sitio web www.sicoly.fr puede contener enlaces a sitios web de terceros a los que no se aplican estas Condiciones de uso. SICODIS no se hace responsable del contenido de estos sitios enlazados ni de ning\u00fan da\u00f1o o p\u00e9rdida resultante de o relacionado con el uso de estos sitios. <\/p><\/div><\/div>\t\t\t\t\t\t\t\t<\/div>\n\t\t\t\t<div class=\"elementor-element elementor-element-62bf86c elementor-widget elementor-widget-heading\" data-id=\"62bf86c\" data-element_type=\"widget\" data-e-type=\"widget\" data-widget_type=\"heading.default\">\n\t\t\t\t\t<h2 class=\"elementor-heading-title elementor-size-default\">5- Propiedad intelectual<\/h2>\t\t\t\t<\/div>\n\t\t\t\t<div class=\"elementor-element elementor-element-2eb44ee elementor-widget elementor-widget-text-editor\" data-id=\"2eb44ee\" data-element_type=\"widget\" data-e-type=\"widget\" data-widget_type=\"text-editor.default\">\n\t\t\t\t\t\t\t\t\t<div class=\"row\"><div class=\"col-xs-12 col-sm-12 col-md-12 col-lg-12 col-xl-12\">Los elementos publicados en el sitio web www.sicoly.fr, como logotipos, marcas, dibujos, ilustraciones, fotograf\u00edas y art\u00edculos, est\u00e1n protegidos por derechos de propiedad intelectual. Estos elementos son propiedad exclusiva de SICODIS o de terceros que han autorizado a SICODIS a utilizarlos. <\/div><\/div><div class=\"row\"><div class=\"col-xs-12 col-sm-12 col-md-12 col-lg-12 col-xl-12\"><p>Cualquier uso o reproducci\u00f3n por un tercero sin la autorizaci\u00f3n previa de SICODIS constituir\u00eda una infracci\u00f3n de los derechos de autor y dar\u00eda lugar a responsabilidad por parte de SICODIS.<\/p><p>Las recetas y las hojas de consejos tambi\u00e9n est\u00e1n protegidas por derechos de autor. No pueden distribuirse, reproducirse ni publicarse. <\/p><\/div><\/div>\t\t\t\t\t\t\t\t<\/div>\n\t\t\t\t<div class=\"elementor-element elementor-element-2bb4458 elementor-widget elementor-widget-heading\" data-id=\"2bb4458\" data-element_type=\"widget\" data-e-type=\"widget\" data-widget_type=\"heading.default\">\n\t\t\t\t\t<h2 class=\"elementor-heading-title elementor-size-default\">6- Liquidaci\u00f3n de siniestros<\/h2>\t\t\t\t<\/div>\n\t\t\t\t<div class=\"elementor-element elementor-element-4445d66 elementor-widget elementor-widget-text-editor\" data-id=\"4445d66\" data-element_type=\"widget\" data-e-type=\"widget\" data-widget_type=\"text-editor.default\">\n\t\t\t\t\t\t\t\t\t<div class=\"row\">Nuestro servicio de atenci\u00f3n al cliente adminsiteweb@sicoly.fr est\u00e1 a tu disposici\u00f3n para resolver cualquier reclamaci\u00f3n y, a falta de una soluci\u00f3n amistosa, cualquier litigio deber\u00e1 someterse a la jurisdicci\u00f3n francesa competente.<\/div>\t\t\t\t\t\t\t\t<\/div>\n\t\t\t\t<div class=\"elementor-element elementor-element-d9b8547 elementor-widget elementor-widget-heading\" data-id=\"d9b8547\" data-element_type=\"widget\" data-e-type=\"widget\" data-widget_type=\"heading.default\">\n\t\t\t\t\t<h2 class=\"elementor-heading-title elementor-size-default\">7- Responsabilidad ampliada del productor EPR para envases dom\u00e9sticos<\/h2>\t\t\t\t<\/div>\n\t\t\t\t<div class=\"elementor-element elementor-element-5adf616 elementor-widget elementor-widget-text-editor\" data-id=\"5adf616\" data-element_type=\"widget\" data-e-type=\"widget\" data-widget_type=\"text-editor.default\">\n\t\t\t\t\t\t\t\t\t<div class=\"row\">SICODIS es miembro de una eco-organizaci\u00f3n y tiene el siguiente n\u00famero de identificaci\u00f3n \u00fanico (IDU): FR210923_01NDMU.<\/div>\t\t\t\t\t\t\t\t<\/div>\n\t\t\t\t<\/div>\n\t\t\t\t\t<\/div>\n\t\t\t\t<\/div>\n\t\t\t\t<\/div>\n\t\t","protected":false},"excerpt":{"rendered":"<p>Informaci\u00f3n legal 1- Informaci\u00f3n general El objetivo de estas Condiciones de uso es definir las condiciones de acceso y uso del sitio web www.sicoly.fr. Estas Condiciones de uso tambi\u00e9n se aplican a las versiones www.sicoly.com, www.sicoly.es, www.sicoly.jp, www.sicoly.ae.org y www.sicoly.cn.com del sitio web. La consulta del sitio est\u00e1 sujeta a la plena aceptaci\u00f3n y cumplimiento [&hellip;]<\/p>\n","protected":false},"author":5,"featured_media":0,"parent":0,"menu_order":0,"comment_status":"closed","ping_status":"closed","template":"","meta":{"_acf_changed":false,"footnotes":""},"class_list":["post-8488","page","type-page","status-publish","hentry"],"acf":[],"yoast_head":"<!-- This site is optimized with the Yoast SEO plugin v27.4 - https:\/\/yoast.com\/product\/yoast-seo-wordpress\/ -->\n<title>Informaci\u00f3n legal - Sicoly<\/title>\n<meta name=\"robots\" content=\"index, follow, max-snippet:-1, max-image-preview:large, max-video-preview:-1\" \/>\n<link rel=\"canonical\" href=\"https:\/\/www.sicoly.fr\/es\/informacion-legal\/\" \/>\n<meta property=\"og:locale\" content=\"es_ES\" \/>\n<meta property=\"og:type\" content=\"article\" \/>\n<meta property=\"og:title\" content=\"Informaci\u00f3n legal - Sicoly\" \/>\n<meta property=\"og:description\" content=\"Informaci\u00f3n legal 1- Informaci\u00f3n general El objetivo de estas Condiciones de uso es definir las condiciones de acceso y uso del sitio web www.sicoly.fr. Estas Condiciones de uso tambi\u00e9n se aplican a las versiones www.sicoly.com, www.sicoly.es, www.sicoly.jp, www.sicoly.ae.org y www.sicoly.cn.com del sitio web. La consulta del sitio est\u00e1 sujeta a la plena aceptaci\u00f3n y cumplimiento [&hellip;]\" \/>\n<meta property=\"og:url\" content=\"https:\/\/www.sicoly.fr\/es\/informacion-legal\/\" \/>\n<meta property=\"og:site_name\" content=\"Sicoly\" \/>\n<meta property=\"article:modified_time\" content=\"2025-11-03T14:14:03+00:00\" \/>\n<meta name=\"twitter:card\" content=\"summary_large_image\" \/>\n<meta name=\"twitter:label1\" content=\"Tiempo de lectura\" \/>\n\t<meta name=\"twitter:data1\" content=\"6 minuto\" \/>\n<script type=\"application\/ld+json\" class=\"yoast-schema-graph\">{\"@context\":\"https:\\\/\\\/schema.org\",\"@graph\":[{\"@type\":\"WebPage\",\"@id\":\"https:\\\/\\\/www.sicoly.fr\\\/es\\\/informacion-legal\\\/\",\"url\":\"https:\\\/\\\/www.sicoly.fr\\\/es\\\/informacion-legal\\\/\",\"name\":\"Informaci\u00f3n legal - Sicoly\",\"isPartOf\":{\"@id\":\"https:\\\/\\\/www.sicoly.fr\\\/es\\\/#website\"},\"datePublished\":\"2025-08-26T08:39:59+00:00\",\"dateModified\":\"2025-11-03T14:14:03+00:00\",\"breadcrumb\":{\"@id\":\"https:\\\/\\\/www.sicoly.fr\\\/es\\\/informacion-legal\\\/#breadcrumb\"},\"inLanguage\":\"es\",\"potentialAction\":[{\"@type\":\"ReadAction\",\"target\":[\"https:\\\/\\\/www.sicoly.fr\\\/es\\\/informacion-legal\\\/\"]}]},{\"@type\":\"BreadcrumbList\",\"@id\":\"https:\\\/\\\/www.sicoly.fr\\\/es\\\/informacion-legal\\\/#breadcrumb\",\"itemListElement\":[{\"@type\":\"ListItem\",\"position\":1,\"name\":\"Accueil\",\"item\":\"https:\\\/\\\/www.sicoly.fr\\\/es\\\/\"},{\"@type\":\"ListItem\",\"position\":2,\"name\":\"Informaci\u00f3n legal\"}]},{\"@type\":\"WebSite\",\"@id\":\"https:\\\/\\\/www.sicoly.fr\\\/es\\\/#website\",\"url\":\"https:\\\/\\\/www.sicoly.fr\\\/es\\\/\",\"name\":\"Sicoly\",\"description\":\"Un site utilisant WordPress\",\"publisher\":{\"@id\":\"https:\\\/\\\/www.sicoly.fr\\\/es\\\/#organization\"},\"potentialAction\":[{\"@type\":\"SearchAction\",\"target\":{\"@type\":\"EntryPoint\",\"urlTemplate\":\"https:\\\/\\\/www.sicoly.fr\\\/es\\\/?s={search_term_string}\"},\"query-input\":{\"@type\":\"PropertyValueSpecification\",\"valueRequired\":true,\"valueName\":\"search_term_string\"}}],\"inLanguage\":\"es\"},{\"@type\":\"Organization\",\"@id\":\"https:\\\/\\\/www.sicoly.fr\\\/es\\\/#organization\",\"name\":\"Sicoly\",\"url\":\"https:\\\/\\\/www.sicoly.fr\\\/es\\\/\",\"logo\":{\"@type\":\"ImageObject\",\"inLanguage\":\"es\",\"@id\":\"https:\\\/\\\/www.sicoly.fr\\\/es\\\/#\\\/schema\\\/logo\\\/image\\\/\",\"url\":\"https:\\\/\\\/www.sicoly.fr\\\/wp-content\\\/uploads\\\/2025\\\/06\\\/logo-header.svg\",\"contentUrl\":\"https:\\\/\\\/www.sicoly.fr\\\/wp-content\\\/uploads\\\/2025\\\/06\\\/logo-header.svg\",\"width\":134,\"height\":75,\"caption\":\"Sicoly\"},\"image\":{\"@id\":\"https:\\\/\\\/www.sicoly.fr\\\/es\\\/#\\\/schema\\\/logo\\\/image\\\/\"},\"sameAs\":[\"https:\\\/\\\/www.instagram.com\\\/accounts\\\/login\\\/?next=sicoly_fruit\",\"https:\\\/\\\/www.youtube.com\\\/@sicoly-sicodis3526\",\"https:\\\/\\\/www.linkedin.com\\\/company\\\/sica-sicodis\\\/\"]}]}<\/script>\n<!-- \/ Yoast SEO plugin. -->","yoast_head_json":{"title":"Informaci\u00f3n legal - Sicoly","robots":{"index":"index","follow":"follow","max-snippet":"max-snippet:-1","max-image-preview":"max-image-preview:large","max-video-preview":"max-video-preview:-1"},"canonical":"https:\/\/www.sicoly.fr\/es\/informacion-legal\/","og_locale":"es_ES","og_type":"article","og_title":"Informaci\u00f3n legal - Sicoly","og_description":"Informaci\u00f3n legal 1- Informaci\u00f3n general El objetivo de estas Condiciones de uso es definir las condiciones de acceso y uso del sitio web www.sicoly.fr. Estas Condiciones de uso tambi\u00e9n se aplican a las versiones www.sicoly.com, www.sicoly.es, www.sicoly.jp, www.sicoly.ae.org y www.sicoly.cn.com del sitio web. La consulta del sitio est\u00e1 sujeta a la plena aceptaci\u00f3n y cumplimiento [&hellip;]","og_url":"https:\/\/www.sicoly.fr\/es\/informacion-legal\/","og_site_name":"Sicoly","article_modified_time":"2025-11-03T14:14:03+00:00","twitter_card":"summary_large_image","twitter_misc":{"Tiempo de lectura":"6 minuto"},"schema":{"@context":"https:\/\/schema.org","@graph":[{"@type":"WebPage","@id":"https:\/\/www.sicoly.fr\/es\/informacion-legal\/","url":"https:\/\/www.sicoly.fr\/es\/informacion-legal\/","name":"Informaci\u00f3n legal - Sicoly","isPartOf":{"@id":"https:\/\/www.sicoly.fr\/es\/#website"},"datePublished":"2025-08-26T08:39:59+00:00","dateModified":"2025-11-03T14:14:03+00:00","breadcrumb":{"@id":"https:\/\/www.sicoly.fr\/es\/informacion-legal\/#breadcrumb"},"inLanguage":"es","potentialAction":[{"@type":"ReadAction","target":["https:\/\/www.sicoly.fr\/es\/informacion-legal\/"]}]},{"@type":"BreadcrumbList","@id":"https:\/\/www.sicoly.fr\/es\/informacion-legal\/#breadcrumb","itemListElement":[{"@type":"ListItem","position":1,"name":"Accueil","item":"https:\/\/www.sicoly.fr\/es\/"},{"@type":"ListItem","position":2,"name":"Informaci\u00f3n legal"}]},{"@type":"WebSite","@id":"https:\/\/www.sicoly.fr\/es\/#website","url":"https:\/\/www.sicoly.fr\/es\/","name":"Sicoly","description":"Un site utilisant WordPress","publisher":{"@id":"https:\/\/www.sicoly.fr\/es\/#organization"},"potentialAction":[{"@type":"SearchAction","target":{"@type":"EntryPoint","urlTemplate":"https:\/\/www.sicoly.fr\/es\/?s={search_term_string}"},"query-input":{"@type":"PropertyValueSpecification","valueRequired":true,"valueName":"search_term_string"}}],"inLanguage":"es"},{"@type":"Organization","@id":"https:\/\/www.sicoly.fr\/es\/#organization","name":"Sicoly","url":"https:\/\/www.sicoly.fr\/es\/","logo":{"@type":"ImageObject","inLanguage":"es","@id":"https:\/\/www.sicoly.fr\/es\/#\/schema\/logo\/image\/","url":"https:\/\/www.sicoly.fr\/wp-content\/uploads\/2025\/06\/logo-header.svg","contentUrl":"https:\/\/www.sicoly.fr\/wp-content\/uploads\/2025\/06\/logo-header.svg","width":134,"height":75,"caption":"Sicoly"},"image":{"@id":"https:\/\/www.sicoly.fr\/es\/#\/schema\/logo\/image\/"},"sameAs":["https:\/\/www.instagram.com\/accounts\/login\/?next=sicoly_fruit","https:\/\/www.youtube.com\/@sicoly-sicodis3526","https:\/\/www.linkedin.com\/company\/sica-sicodis\/"]}]}},"_links":{"self":[{"href":"https:\/\/www.sicoly.fr\/es\/wp-json\/wp\/v2\/pages\/8488","targetHints":{"allow":["GET"]}}],"collection":[{"href":"https:\/\/www.sicoly.fr\/es\/wp-json\/wp\/v2\/pages"}],"about":[{"href":"https:\/\/www.sicoly.fr\/es\/wp-json\/wp\/v2\/types\/page"}],"author":[{"embeddable":true,"href":"https:\/\/www.sicoly.fr\/es\/wp-json\/wp\/v2\/users\/5"}],"replies":[{"embeddable":true,"href":"https:\/\/www.sicoly.fr\/es\/wp-json\/wp\/v2\/comments?post=8488"}],"version-history":[{"count":0,"href":"https:\/\/www.sicoly.fr\/es\/wp-json\/wp\/v2\/pages\/8488\/revisions"}],"wp:attachment":[{"href":"https:\/\/www.sicoly.fr\/es\/wp-json\/wp\/v2\/media?parent=8488"}],"curies":[{"name":"wp","href":"https:\/\/api.w.org\/{rel}","templated":true}]}}