{"id":7619,"date":"2025-06-13T10:24:17","date_gmt":"2025-06-13T08:24:17","guid":{"rendered":"https:\/\/www.sicoly.fr\/?page_id=7619"},"modified":"2026-05-04T14:51:40","modified_gmt":"2026-05-04T12:51:40","slug":"informativa-sulla-privacy","status":"publish","type":"page","link":"https:\/\/www.sicoly.fr\/it\/informativa-sulla-privacy\/","title":{"rendered":"Informativa sulla privacy"},"content":{"rendered":"<h2 class=\"wp-block-heading\">Chi siamo?<\/h2><p><strong class=\"privacy-policy-tutorial\">Testo suggerito: <\/strong>L&#8217;indirizzo del nostro sito web \u00e8: https:\/\/www.sicoly.fr.<\/p><h2 class=\"wp-block-heading\">Commenti<\/h2><p><strong class=\"privacy-policy-tutorial\">Testo suggerito: <\/strong>Quando lasci un commento sul nostro sito, i dati inseriti nel modulo di commento, cos\u00ec come il tuo indirizzo IP e lo user agent del tuo browser, vengono raccolti per aiutarci a individuare i commenti indesiderati.<\/p><p>Una stringa anonima creata a partire dal tuo indirizzo e-mail (nota anche come hash) pu\u00f2 essere inviata al servizio Gravatar per verificare se lo stai utilizzando. Le clausole di riservatezza del servizio Gravatar sono disponibili qui: https:\/\/automattic.com\/privacy\/. Una volta che il tuo commento \u00e8 stato convalidato, la foto del tuo profilo sar\u00e0 visibile pubblicamente insieme al tuo commento. <\/p><h2 class=\"wp-block-heading\">Media<\/h2><p><strong class=\"privacy-policy-tutorial\">Testo suggerito: <\/strong>Se carichi immagini sul sito, ti consigliamo di evitare di caricare immagini contenenti dati EXIF di coordinate GPS. Le persone che visitano il tuo sito potrebbero scaricare ed estrarre i dati di localizzazione da queste immagini. <\/p><h2 class=\"wp-block-heading\">Biscotti<\/h2><p><strong class=\"privacy-policy-tutorial\">Testo suggerito: <\/strong>Se lasci un commento sul nostro sito, ti verr\u00e0 chiesto di salvare il tuo nome, l&#8217;indirizzo e-mail e il sito nei cookie. Questo \u00e8 solo per tua comodit\u00e0, in modo che tu non debba inserire queste informazioni se lasci un altro commento in seguito. Questi cookie scadono dopo un anno.  <\/p><p>Se accedi alla pagina di login, verr\u00e0 creato un cookie temporaneo per determinare se il tuo browser accetta i cookie. Non contiene dati personali e verr\u00e0 cancellato automaticamente alla chiusura del browser. <\/p><p>Quando accedi al sito, vengono impostati alcuni cookie per registrare le tue informazioni di accesso e le preferenze dello schermo. La durata di un cookie di connessione \u00e8 di due giorni, quella di un cookie di opzione dello schermo \u00e8 di un anno. Se selezioni &#8220;Ricordami&#8221;, il tuo cookie di connessione sar\u00e0 conservato per due settimane. Se esci dal tuo account, il cookie di accesso verr\u00e0 cancellato.   <\/p><p>Modificando o pubblicando una pubblicazione, un ulteriore cookie verr\u00e0 memorizzato nel tuo browser. Questo cookie non contiene dati personali. Indica semplicemente l&#8217;ID della pubblicazione che hai appena modificato. Scade dopo un giorno.   <\/p><h2 class=\"wp-block-heading\">Contenuti incorporati da altri siti<\/h2><p><strong class=\"privacy-policy-tutorial\">Testo suggerito: <\/strong>Gli articoli di questo sito possono includere contenuti incorporati (ad esempio video, immagini, articoli, ecc.). I contenuti incorporati provenienti da altri siti si comportano come se il visitatore si recasse in un altro sito. <\/p><p>Questi siti web possono raccogliere dati su di te, utilizzare cookie, incorporare strumenti di tracciamento di terze parti e tracciare le tue interazioni con questi contenuti incorporati se hai un account collegato al loro sito web.<\/p><h2 class=\"wp-block-heading\">Utilizzo e trasmissione dei tuoi dati personali<\/h2><p><strong class=\"privacy-policy-tutorial\">Testo suggerito: <\/strong>Se richiedi la reimpostazione della password, il tuo indirizzo IP sar\u00e0 incluso nell&#8217;e-mail di reimpostazione.<\/p><h2 class=\"wp-block-heading\">Periodi di conservazione dei tuoi dati<\/h2><p><strong class=\"privacy-policy-tutorial\">Testo suggerito: <\/strong>Se lasci un commento, il commento e i suoi metadati vengono conservati a tempo indeterminato. In questo modo i commenti successivi vengono riconosciuti e approvati automaticamente invece di essere lasciati nella coda di moderazione. <\/p><p>Per gli account che si registrano sul nostro sito (ove applicabile), memorizziamo anche i dati personali indicati nel loro profilo. Tutti gli account possono visualizzare, modificare o cancellare i propri dati personali in qualsiasi momento (ad eccezione del proprio ID utente). Anche i gestori del sito possono visualizzare e modificare tali informazioni.  <\/p><h2 class=\"wp-block-heading\">I diritti che hai sui tuoi dati<\/h2><p><strong class=\"privacy-policy-tutorial\">Testo suggerito: <\/strong>Se hai un account o hai lasciato commenti sul sito, puoi richiedere di ricevere un file contenente tutti i dati personali in nostro possesso, compresi quelli che ci hai fornito. Puoi anche richiedere la cancellazione dei tuoi dati personali. Questo non include i dati memorizzati per scopi amministrativi, legali o di sicurezza.  <\/p><h2 class=\"wp-block-heading\">Dove vengono inviati i tuoi dati<\/h2><p><strong class=\"privacy-policy-tutorial\">Testo suggerito: <\/strong>I commenti dei visitatori possono essere controllati con un servizio automatico per individuare i commenti indesiderati.<\/p>","protected":false},"excerpt":{"rendered":"<p>Chi siamo? Testo suggerito: L&#8217;indirizzo del nostro sito web \u00e8: https:\/\/www.sicoly.fr. Commenti Testo suggerito: Quando lasci un commento sul nostro sito, i dati inseriti nel modulo di commento, cos\u00ec come il tuo indirizzo IP e lo user agent del tuo browser, vengono raccolti per aiutarci a individuare i commenti indesiderati. Una stringa anonima creata a [&hellip;]<\/p>\n","protected":false},"author":5,"featured_media":0,"parent":0,"menu_order":0,"comment_status":"closed","ping_status":"open","template":"","meta":{"_acf_changed":false,"footnotes":""},"class_list":["post-7619","page","type-page","status-publish","hentry"],"acf":[],"yoast_head":"<!-- This site is optimized with the Yoast SEO plugin v27.4 - https:\/\/yoast.com\/product\/yoast-seo-wordpress\/ -->\n<title>Informativa sulla privacy - Sicoly<\/title>\n<meta name=\"robots\" content=\"index, follow, max-snippet:-1, max-image-preview:large, max-video-preview:-1\" \/>\n<link rel=\"canonical\" href=\"https:\/\/www.sicoly.fr\/it\/informativa-sulla-privacy\/\" \/>\n<meta property=\"og:locale\" content=\"it_IT\" \/>\n<meta property=\"og:type\" content=\"article\" \/>\n<meta property=\"og:title\" content=\"Informativa sulla privacy - Sicoly\" \/>\n<meta property=\"og:description\" content=\"Chi siamo? Testo suggerito: L&#8217;indirizzo del nostro sito web \u00e8: https:\/\/www.sicoly.fr. Commenti Testo suggerito: Quando lasci un commento sul nostro sito, i dati inseriti nel modulo di commento, cos\u00ec come il tuo indirizzo IP e lo user agent del tuo browser, vengono raccolti per aiutarci a individuare i commenti indesiderati. Una stringa anonima creata a [&hellip;]\" \/>\n<meta property=\"og:url\" content=\"https:\/\/www.sicoly.fr\/it\/informativa-sulla-privacy\/\" \/>\n<meta property=\"og:site_name\" content=\"Sicoly\" \/>\n<meta property=\"article:modified_time\" content=\"2026-05-04T12:51:40+00:00\" \/>\n<meta name=\"twitter:card\" content=\"summary_large_image\" \/>\n<meta name=\"twitter:label1\" content=\"Tempo di lettura stimato\" \/>\n\t<meta name=\"twitter:data1\" content=\"3 minuto\" \/>\n<script type=\"application\/ld+json\" class=\"yoast-schema-graph\">{\"@context\":\"https:\\\/\\\/schema.org\",\"@graph\":[{\"@type\":\"WebPage\",\"@id\":\"https:\\\/\\\/www.sicoly.fr\\\/it\\\/informativa-sulla-privacy\\\/\",\"url\":\"https:\\\/\\\/www.sicoly.fr\\\/it\\\/informativa-sulla-privacy\\\/\",\"name\":\"Informativa sulla privacy - Sicoly\",\"isPartOf\":{\"@id\":\"https:\\\/\\\/www.sicoly.fr\\\/it\\\/#website\"},\"datePublished\":\"2025-06-13T08:24:17+00:00\",\"dateModified\":\"2026-05-04T12:51:40+00:00\",\"breadcrumb\":{\"@id\":\"https:\\\/\\\/www.sicoly.fr\\\/it\\\/informativa-sulla-privacy\\\/#breadcrumb\"},\"inLanguage\":\"it-IT\",\"potentialAction\":[{\"@type\":\"ReadAction\",\"target\":[\"https:\\\/\\\/www.sicoly.fr\\\/it\\\/informativa-sulla-privacy\\\/\"]}]},{\"@type\":\"BreadcrumbList\",\"@id\":\"https:\\\/\\\/www.sicoly.fr\\\/it\\\/informativa-sulla-privacy\\\/#breadcrumb\",\"itemListElement\":[{\"@type\":\"ListItem\",\"position\":1,\"name\":\"Accueil\",\"item\":\"https:\\\/\\\/www.sicoly.fr\\\/it\\\/\"},{\"@type\":\"ListItem\",\"position\":2,\"name\":\"Informativa sulla privacy\"}]},{\"@type\":\"WebSite\",\"@id\":\"https:\\\/\\\/www.sicoly.fr\\\/it\\\/#website\",\"url\":\"https:\\\/\\\/www.sicoly.fr\\\/it\\\/\",\"name\":\"Sicoly\",\"description\":\"Un site utilisant WordPress\",\"publisher\":{\"@id\":\"https:\\\/\\\/www.sicoly.fr\\\/it\\\/#organization\"},\"potentialAction\":[{\"@type\":\"SearchAction\",\"target\":{\"@type\":\"EntryPoint\",\"urlTemplate\":\"https:\\\/\\\/www.sicoly.fr\\\/it\\\/?s={search_term_string}\"},\"query-input\":{\"@type\":\"PropertyValueSpecification\",\"valueRequired\":true,\"valueName\":\"search_term_string\"}}],\"inLanguage\":\"it-IT\"},{\"@type\":\"Organization\",\"@id\":\"https:\\\/\\\/www.sicoly.fr\\\/it\\\/#organization\",\"name\":\"Sicoly\",\"url\":\"https:\\\/\\\/www.sicoly.fr\\\/it\\\/\",\"logo\":{\"@type\":\"ImageObject\",\"inLanguage\":\"it-IT\",\"@id\":\"https:\\\/\\\/www.sicoly.fr\\\/it\\\/#\\\/schema\\\/logo\\\/image\\\/\",\"url\":\"https:\\\/\\\/www.sicoly.fr\\\/wp-content\\\/uploads\\\/2025\\\/06\\\/logo-header.svg\",\"contentUrl\":\"https:\\\/\\\/www.sicoly.fr\\\/wp-content\\\/uploads\\\/2025\\\/06\\\/logo-header.svg\",\"width\":134,\"height\":75,\"caption\":\"Sicoly\"},\"image\":{\"@id\":\"https:\\\/\\\/www.sicoly.fr\\\/it\\\/#\\\/schema\\\/logo\\\/image\\\/\"},\"sameAs\":[\"https:\\\/\\\/www.instagram.com\\\/accounts\\\/login\\\/?next=sicoly_fruit\",\"https:\\\/\\\/www.youtube.com\\\/@sicoly-sicodis3526\",\"https:\\\/\\\/www.linkedin.com\\\/company\\\/sica-sicodis\\\/\"]}]}<\/script>\n<!-- \/ Yoast SEO plugin. -->","yoast_head_json":{"title":"Informativa sulla privacy - Sicoly","robots":{"index":"index","follow":"follow","max-snippet":"max-snippet:-1","max-image-preview":"max-image-preview:large","max-video-preview":"max-video-preview:-1"},"canonical":"https:\/\/www.sicoly.fr\/it\/informativa-sulla-privacy\/","og_locale":"it_IT","og_type":"article","og_title":"Informativa sulla privacy - Sicoly","og_description":"Chi siamo? Testo suggerito: L&#8217;indirizzo del nostro sito web \u00e8: https:\/\/www.sicoly.fr. Commenti Testo suggerito: Quando lasci un commento sul nostro sito, i dati inseriti nel modulo di commento, cos\u00ec come il tuo indirizzo IP e lo user agent del tuo browser, vengono raccolti per aiutarci a individuare i commenti indesiderati. Una stringa anonima creata a [&hellip;]","og_url":"https:\/\/www.sicoly.fr\/it\/informativa-sulla-privacy\/","og_site_name":"Sicoly","article_modified_time":"2026-05-04T12:51:40+00:00","twitter_card":"summary_large_image","twitter_misc":{"Tempo di lettura stimato":"3 minuto"},"schema":{"@context":"https:\/\/schema.org","@graph":[{"@type":"WebPage","@id":"https:\/\/www.sicoly.fr\/it\/informativa-sulla-privacy\/","url":"https:\/\/www.sicoly.fr\/it\/informativa-sulla-privacy\/","name":"Informativa sulla privacy - Sicoly","isPartOf":{"@id":"https:\/\/www.sicoly.fr\/it\/#website"},"datePublished":"2025-06-13T08:24:17+00:00","dateModified":"2026-05-04T12:51:40+00:00","breadcrumb":{"@id":"https:\/\/www.sicoly.fr\/it\/informativa-sulla-privacy\/#breadcrumb"},"inLanguage":"it-IT","potentialAction":[{"@type":"ReadAction","target":["https:\/\/www.sicoly.fr\/it\/informativa-sulla-privacy\/"]}]},{"@type":"BreadcrumbList","@id":"https:\/\/www.sicoly.fr\/it\/informativa-sulla-privacy\/#breadcrumb","itemListElement":[{"@type":"ListItem","position":1,"name":"Accueil","item":"https:\/\/www.sicoly.fr\/it\/"},{"@type":"ListItem","position":2,"name":"Informativa sulla privacy"}]},{"@type":"WebSite","@id":"https:\/\/www.sicoly.fr\/it\/#website","url":"https:\/\/www.sicoly.fr\/it\/","name":"Sicoly","description":"Un site utilisant WordPress","publisher":{"@id":"https:\/\/www.sicoly.fr\/it\/#organization"},"potentialAction":[{"@type":"SearchAction","target":{"@type":"EntryPoint","urlTemplate":"https:\/\/www.sicoly.fr\/it\/?s={search_term_string}"},"query-input":{"@type":"PropertyValueSpecification","valueRequired":true,"valueName":"search_term_string"}}],"inLanguage":"it-IT"},{"@type":"Organization","@id":"https:\/\/www.sicoly.fr\/it\/#organization","name":"Sicoly","url":"https:\/\/www.sicoly.fr\/it\/","logo":{"@type":"ImageObject","inLanguage":"it-IT","@id":"https:\/\/www.sicoly.fr\/it\/#\/schema\/logo\/image\/","url":"https:\/\/www.sicoly.fr\/wp-content\/uploads\/2025\/06\/logo-header.svg","contentUrl":"https:\/\/www.sicoly.fr\/wp-content\/uploads\/2025\/06\/logo-header.svg","width":134,"height":75,"caption":"Sicoly"},"image":{"@id":"https:\/\/www.sicoly.fr\/it\/#\/schema\/logo\/image\/"},"sameAs":["https:\/\/www.instagram.com\/accounts\/login\/?next=sicoly_fruit","https:\/\/www.youtube.com\/@sicoly-sicodis3526","https:\/\/www.linkedin.com\/company\/sica-sicodis\/"]}]}},"_links":{"self":[{"href":"https:\/\/www.sicoly.fr\/it\/wp-json\/wp\/v2\/pages\/7619","targetHints":{"allow":["GET"]}}],"collection":[{"href":"https:\/\/www.sicoly.fr\/it\/wp-json\/wp\/v2\/pages"}],"about":[{"href":"https:\/\/www.sicoly.fr\/it\/wp-json\/wp\/v2\/types\/page"}],"author":[{"embeddable":true,"href":"https:\/\/www.sicoly.fr\/it\/wp-json\/wp\/v2\/users\/5"}],"replies":[{"embeddable":true,"href":"https:\/\/www.sicoly.fr\/it\/wp-json\/wp\/v2\/comments?post=7619"}],"version-history":[{"count":1,"href":"https:\/\/www.sicoly.fr\/it\/wp-json\/wp\/v2\/pages\/7619\/revisions"}],"predecessor-version":[{"id":18105,"href":"https:\/\/www.sicoly.fr\/it\/wp-json\/wp\/v2\/pages\/7619\/revisions\/18105"}],"wp:attachment":[{"href":"https:\/\/www.sicoly.fr\/it\/wp-json\/wp\/v2\/media?parent=7619"}],"curies":[{"name":"wp","href":"https:\/\/api.w.org\/{rel}","templated":true}]}}