{"id":8500,"date":"2025-08-26T10:39:59","date_gmt":"2025-08-26T08:39:59","guid":{"rendered":"https:\/\/www.sicoly.fr\/informazioni-legali\/"},"modified":"2025-11-03T15:14:03","modified_gmt":"2025-11-03T14:14:03","slug":"informazioni-legali","status":"publish","type":"page","link":"https:\/\/www.sicoly.fr\/it\/informazioni-legali\/","title":{"rendered":"Informazioni legali"},"content":{"rendered":"\t\t<div data-elementor-type=\"wp-page\" data-elementor-id=\"8500\" class=\"elementor elementor-8500 elementor-2990\" data-elementor-post-type=\"page\">\n\t\t\t\t<div class=\"elementor-element elementor-element-7e04a6fc e-flex e-con-boxed e-con e-parent\" data-id=\"7e04a6fc\" data-element_type=\"container\" data-e-type=\"container\">\n\t\t\t\t\t<div class=\"e-con-inner\">\n\t\t<div class=\"elementor-element elementor-element-46334cbd e-con-full e-flex e-con e-child\" data-id=\"46334cbd\" data-element_type=\"container\" data-e-type=\"container\">\n\t\t\t\t<div class=\"elementor-element elementor-element-956e629 elementor-widget elementor-widget-heading\" data-id=\"956e629\" data-element_type=\"widget\" data-e-type=\"widget\" data-widget_type=\"heading.default\">\n\t\t\t\t\t<h1 class=\"elementor-heading-title elementor-size-default\">Informazioni legali<\/h1>\t\t\t\t<\/div>\n\t\t\t\t<div class=\"elementor-element elementor-element-36e6a52 elementor-widget elementor-widget-heading\" data-id=\"36e6a52\" data-element_type=\"widget\" data-e-type=\"widget\" data-widget_type=\"heading.default\">\n\t\t\t\t\t<h2 class=\"elementor-heading-title elementor-size-default\">1- Informazioni generali<\/h2>\t\t\t\t<\/div>\n\t\t\t\t<div class=\"elementor-element elementor-element-aaccfe3 elementor-widget elementor-widget-text-editor\" data-id=\"aaccfe3\" data-element_type=\"widget\" data-e-type=\"widget\" data-widget_type=\"text-editor.default\">\n\t\t\t\t\t\t\t\t\t<div class=\"row\"><div class=\"col-xs-12 col-sm-12 col-md-12 col-lg-12 col-xl-12\">Le presenti Condizioni d&#8217;uso hanno lo scopo di definire i termini di accesso e di utilizzo del sito web www.sicoly.fr. Le presenti Condizioni d&#8217;uso si applicano anche alle versioni www.sicoly.com, www.sicoly.es, www.sicoly.jp, www.sicoly.ae.org e www.sicoly.cn.com del sito web. <\/div><div id=\"ext-gen5990\" class=\"col-xs-12 col-sm-12 col-md-12 col-lg-12 col-xl-12\"><p>La consultazione del sito \u00e8 subordinata alla piena accettazione e al rispetto delle presenti Condizioni d&#8217;uso da parte dell&#8217;utente Internet.<\/p><p>Le presenti Condizioni d&#8217;uso sono accessibili in qualsiasi momento tramite il link ipertestuale &#8220;Note legali&#8221; presente in ogni pagina del sito web www.sicoly.fr.<\/p><p>Questo sito web \u00e8 pubblicato da SICODIS SICA-SAS, una societ\u00e0 con capitale di 38.112 euro, con sede legale al 475, route de Mornant &#8211; 69440 SAINT LAURENT D&#8217;AGNY, iscritta al Registro del Commercio e delle Imprese di Lione con il numero 331 108 431 (numero di identificazione intracomunitario: FR 06 331 108 431).<\/p><p id=\"ext-gen5989\">Il direttore della pubblicazione \u00e8: Am\u00e9lie Pouriel<\/p><p id=\"ext-gen5988\">Questo sito \u00e8 ospitato da: Haisoft SARL<br>Design del sito: <a id=\"ext-gen6027\" href=\"https:\/\/www.comete.com\/\" target=\"_blank\" rel=\"noopener\">Agence de communication Lyon Com\u00e8te<\/a><\/p><\/div><\/div>\t\t\t\t\t\t\t\t<\/div>\n\t\t\t\t<div class=\"elementor-element elementor-element-5375ce6 elementor-widget elementor-widget-heading\" data-id=\"5375ce6\" data-element_type=\"widget\" data-e-type=\"widget\" data-widget_type=\"heading.default\">\n\t\t\t\t\t<h2 class=\"elementor-heading-title elementor-size-default\">2- Scopo del sito<\/h2>\t\t\t\t<\/div>\n\t\t\t\t<div class=\"elementor-element elementor-element-e3fdbce elementor-widget elementor-widget-text-editor\" data-id=\"e3fdbce\" data-element_type=\"widget\" data-e-type=\"widget\" data-widget_type=\"text-editor.default\">\n\t\t\t\t\t\t\t\t\t<div class=\"row\"><div class=\"col-xs-12 col-sm-12 col-md-12 col-lg-12 col-xl-12\"><p>Lo scopo del sito web www.sicoly.fr \u00e8 quello di :<\/p><ul><li style=\"list-style-type: none;\"><ul><li>presentare il gruppo cooperativo SICOLY-SICODIS e i suoi prodotti,<\/li><li>presenta il negozio &#8220;Terres Lyonnaises&#8221; gestito da SICODIS,<\/li><li>distribuire informazioni e notizie sulla cooperativa.<\/li><\/ul><\/li><\/ul><p><b>Attenzione:<\/b><\/p><p>SICOLY \u00e8 una cooperativa agricola che riunisce i frutticoltori della regione di Lione. SICODIS \u00e8 l&#8217;azienda che si occupa della lavorazione e della commercializzazione dei prodotti provenienti dai frutteti dei coltivatori. SICODIS ha una licenza esclusiva per il marchio SICOLY\u00ae.  <\/p><ul><li>offrono &#8220;ricette e consigli di uno chef&#8221;.<\/li><\/ul><p>I servizi offerti e descritti nelle presenti Condizioni d&#8217;uso sono gratuiti.<\/p><\/div><\/div>\t\t\t\t\t\t\t\t<\/div>\n\t\t\t\t<div class=\"elementor-element elementor-element-44288c9 elementor-widget elementor-widget-heading\" data-id=\"44288c9\" data-element_type=\"widget\" data-e-type=\"widget\" data-widget_type=\"heading.default\">\n\t\t\t\t\t<h2 class=\"elementor-heading-title elementor-size-default\">3- Dati personali<\/h2>\t\t\t\t<\/div>\n\t\t\t\t<div class=\"elementor-element elementor-element-09a9d76 elementor-widget elementor-widget-heading\" data-id=\"09a9d76\" data-element_type=\"widget\" data-e-type=\"widget\" data-widget_type=\"heading.default\">\n\t\t\t\t\t<h3 class=\"elementor-heading-title elementor-size-default\">Raccolta dati<\/h3>\t\t\t\t<\/div>\n\t\t\t\t<div class=\"elementor-element elementor-element-545b33f elementor-widget elementor-widget-text-editor\" data-id=\"545b33f\" data-element_type=\"widget\" data-e-type=\"widget\" data-widget_type=\"text-editor.default\">\n\t\t\t\t\t\t\t\t\t<div class=\"row\"><div class=\"col-xs-12 col-sm-12 col-md-12 col-lg-12 col-xl-12\"><div class=\"row\"><div class=\"col-xs-12 col-sm-12 col-md-12 col-lg-12 col-xl-12\"><p>SICODIS, che tratta dati personali, ha dichiarato il sito web www.sicoly.fr alla CNIL. Il sito web \u00e8 registrato con il numero 1563897v0. <\/p><p>L&#8217;utente Internet pu\u00f2 scegliere di iscriversi alla newsletter (Le Sicolien). L&#8217;utente pu\u00f2 anche compilare un modulo per essere contattato da SICODIS o per essere assunto come lavoratore stagionale per SICOLY e SICODIS. <\/p><p>In questi casi, verranno raccolti dati personali. Gli utenti di Internet sono informati che i dati personali indicati come obbligatori nei moduli e raccolti nell&#8217;ambito del suddetto servizio sono necessari per l&#8217;utilizzo di tale servizio. A meno che l&#8217;utente di Internet non acconsenta al trasferimento dei suoi dati, questi vengono utilizzati esclusivamente nell&#8217;ambito di questo servizio e sono destinati esclusivamente alle societ\u00e0 SICOLY e SICODIS e ai loro fornitori di servizi tecnici, che adottano le precauzioni necessarie per preservare, per quanto possibile, la sicurezza dei dati.  <\/p><p>L&#8217;utente di Internet autorizza SICODIS a fornire alcune informazioni ai suoi fornitori di servizi tecnici al fine di consentire all&#8217;utente di Internet di beneficiare di alcune funzioni del sito.<\/p><p>Gli utenti di Internet possono anche annullare l&#8217;iscrizione alla newsletter in qualsiasi momento cliccando sul link in fondo alla pagina quando ricevono la newsletter. Tutti i dati personali saranno immediatamente cancellati. <\/p><\/div><\/div><\/div><\/div>\t\t\t\t\t\t\t\t<\/div>\n\t\t\t\t<div class=\"elementor-element elementor-element-d3075af elementor-widget elementor-widget-heading\" data-id=\"d3075af\" data-element_type=\"widget\" data-e-type=\"widget\" data-widget_type=\"heading.default\">\n\t\t\t\t\t<h3 class=\"elementor-heading-title elementor-size-default\">Diritto di accesso ai dati<\/h3>\t\t\t\t<\/div>\n\t\t\t\t<div class=\"elementor-element elementor-element-fe86ed4 elementor-widget elementor-widget-text-editor\" data-id=\"fe86ed4\" data-element_type=\"widget\" data-e-type=\"widget\" data-widget_type=\"text-editor.default\">\n\t\t\t\t\t\t\t\t\t<div class=\"row\"><div class=\"col-xs-12 col-sm-12 col-md-12 col-lg-12 col-xl-12\"><div class=\"row\"><div class=\"col-xs-12 col-sm-12 col-md-12 col-lg-12 col-xl-12\">Ai sensi della legge francese sulla protezione dei dati personali n. 78.17 del 6 gennaio 1978, gli utenti di Internet hanno il diritto di accedere, rettificare, opporsi o cancellare i dati personali che li riguardano inviando una richiesta via e-mail tramite il modulo di contatto, specificando la richiesta nella casella &#8220;lascia un commento&#8221;, o per posta al seguente indirizzo: SICODIS &#8211; 475, route de Mornant &#8211; 69440 SAINT LAURENT D&#8217;AGNY.<\/div><\/div><\/div><\/div>\t\t\t\t\t\t\t\t<\/div>\n\t\t\t\t<div class=\"elementor-element elementor-element-71b1084 elementor-widget elementor-widget-heading\" data-id=\"71b1084\" data-element_type=\"widget\" data-e-type=\"widget\" data-widget_type=\"heading.default\">\n\t\t\t\t\t<h3 class=\"elementor-heading-title elementor-size-default\">Biscotti<\/h3>\t\t\t\t<\/div>\n\t\t\t\t<div class=\"elementor-element elementor-element-c476591 elementor-widget elementor-widget-text-editor\" data-id=\"c476591\" data-element_type=\"widget\" data-e-type=\"widget\" data-widget_type=\"text-editor.default\">\n\t\t\t\t\t\t\t\t\t<div class=\"row\"><div class=\"col-xs-12 col-sm-12 col-md-12 col-lg-12 col-xl-12\"><div class=\"row\"><div class=\"col-xs-12 col-sm-12 col-md-12 col-lg-12 col-xl-12\">Il sito web www.sicoly.fr non inserisce cookie nel computer dell&#8217;utente Internet.<\/div><\/div><\/div><\/div>\t\t\t\t\t\t\t\t<\/div>\n\t\t\t\t<div class=\"elementor-element elementor-element-e59526d elementor-widget elementor-widget-heading\" data-id=\"e59526d\" data-element_type=\"widget\" data-e-type=\"widget\" data-widget_type=\"heading.default\">\n\t\t\t\t\t<h2 class=\"elementor-heading-title elementor-size-default\">4- Limitazioni di responsabilit\u00e0 e garanzie<\/h2>\t\t\t\t<\/div>\n\t\t\t\t<div class=\"elementor-element elementor-element-9006014 elementor-widget elementor-widget-heading\" data-id=\"9006014\" data-element_type=\"widget\" data-e-type=\"widget\" data-widget_type=\"heading.default\">\n\t\t\t\t\t<h3 class=\"elementor-heading-title elementor-size-default\">Come funziona la rete<\/h3>\t\t\t\t<\/div>\n\t\t\t\t<div class=\"elementor-element elementor-element-1b9554d elementor-widget elementor-widget-text-editor\" data-id=\"1b9554d\" data-element_type=\"widget\" data-e-type=\"widget\" data-widget_type=\"text-editor.default\">\n\t\t\t\t\t\t\t\t\t<div class=\"row\"><div class=\"col-xs-12 col-sm-12 col-md-12 col-lg-12 col-xl-12\"><div class=\"row\"><div class=\"col-xs-12 col-sm-12 col-md-12 col-lg-12 col-xl-12\"><p>L&#8217;utente di Internet autorizza SICODIS a fornire alcune informazioni ai suoi fornitori di servizi tecnici al fine di consentire all&#8217;utente di Internet di beneficiare di alcune funzioni del sito.<\/p><p>La navigazione nel sito www.sicoly.fr \u00e8 di esclusiva responsabilit\u00e0 dell&#8217;utente di Internet. SICODIS non pu\u00f2 essere ritenuta responsabile per eventuali danni o inconvenienti derivanti dall&#8217;uso di Internet. <\/p><\/div><\/div><\/div><\/div>\t\t\t\t\t\t\t\t<\/div>\n\t\t\t\t<div class=\"elementor-element elementor-element-dca8b0d elementor-widget elementor-widget-heading\" data-id=\"dca8b0d\" data-element_type=\"widget\" data-e-type=\"widget\" data-widget_type=\"heading.default\">\n\t\t\t\t\t<h3 class=\"elementor-heading-title elementor-size-default\">Utilizzo del sito<\/h3>\t\t\t\t<\/div>\n\t\t\t\t<div class=\"elementor-element elementor-element-882ce47 elementor-widget elementor-widget-text-editor\" data-id=\"882ce47\" data-element_type=\"widget\" data-e-type=\"widget\" data-widget_type=\"text-editor.default\">\n\t\t\t\t\t\t\t\t\t<div class=\"row\">Il sito web www.sicoly.fr non presenta tutti i produttori che fanno parte della cooperativa SICOLY.<\/div><div class=\"row\"><div class=\"col-xs-12 col-sm-12 col-md-12 col-lg-12 col-xl-12\"><p>SICODIS prepara le schede di presentazione dei soci sulla base delle informazioni fornite dagli stessi.<\/p><p>La presentazione dei prodotti e delle loro confezioni non \u00e8 esaustiva e dipende dalla stagionalit\u00e0 dei prodotti. Le offerte possono cambiare in qualsiasi momento. In ogni caso, le informazioni contenute nel sito web sono di carattere generale. SICODIS non pu\u00f2 essere ritenuta responsabile della fornitura di tutti i prodotti presentati.   <\/p><p>Le ricette e i consigli pubblicati online sono stati preparati da professionisti del settore della ristorazione e della pasticceria. Sono destinate a un uso esclusivamente privato. <\/p><p>In nessun caso SICODIS garantisce l&#8217;accuratezza, l&#8217;affidabilit\u00e0 o i risultati di queste informazioni.<\/p><p>Alcune ricette possono contenere bevande alcoliche. SICODIS ti ricorda che l&#8217;abuso di alcol \u00e8 pericoloso per la tua salute e deve essere consumato con moderazione. Queste ricette non intendono in alcun modo promuovere queste bevande alcoliche.  <\/p><p>L&#8217;Utente Internet riconosce espressamente che le foto presenti sul sito web www.sicoly.fr sono puramente illustrative.<\/p><\/div><\/div>\t\t\t\t\t\t\t\t<\/div>\n\t\t\t\t<div class=\"elementor-element elementor-element-feb67f8 elementor-widget elementor-widget-heading\" data-id=\"feb67f8\" data-element_type=\"widget\" data-e-type=\"widget\" data-widget_type=\"heading.default\">\n\t\t\t\t\t<h3 class=\"elementor-heading-title elementor-size-default\">Collegamenti ipertestuali<\/h3>\t\t\t\t<\/div>\n\t\t\t\t<div class=\"elementor-element elementor-element-885ac3f elementor-widget elementor-widget-text-editor\" data-id=\"885ac3f\" data-element_type=\"widget\" data-e-type=\"widget\" data-widget_type=\"text-editor.default\">\n\t\t\t\t\t\t\t\t\t<div class=\"row\"><div class=\"col-xs-12 col-sm-12 col-md-12 col-lg-12 col-xl-12\"><p>Il sito web www.sicoly.fr pu\u00f2 contenere link a siti web di terzi ai quali non si applicano le presenti Condizioni d&#8217;uso. SICODIS non pu\u00f2 essere ritenuta responsabile per il contenuto di questi siti collegati o per qualsiasi danno o perdita derivante da o in relazione all&#8217;uso di questi siti. <\/p><\/div><\/div>\t\t\t\t\t\t\t\t<\/div>\n\t\t\t\t<div class=\"elementor-element elementor-element-62bf86c elementor-widget elementor-widget-heading\" data-id=\"62bf86c\" data-element_type=\"widget\" data-e-type=\"widget\" data-widget_type=\"heading.default\">\n\t\t\t\t\t<h2 class=\"elementor-heading-title elementor-size-default\">5- Propriet\u00e0 intellettuale<\/h2>\t\t\t\t<\/div>\n\t\t\t\t<div class=\"elementor-element elementor-element-2eb44ee elementor-widget elementor-widget-text-editor\" data-id=\"2eb44ee\" data-element_type=\"widget\" data-e-type=\"widget\" data-widget_type=\"text-editor.default\">\n\t\t\t\t\t\t\t\t\t<div class=\"row\"><div class=\"col-xs-12 col-sm-12 col-md-12 col-lg-12 col-xl-12\">Gli elementi pubblicati sul sito web www.sicoly.fr, quali loghi, marchi, disegni, illustrazioni, fotografie e articoli, sono protetti da diritti di propriet\u00e0 intellettuale. Questi elementi sono di propriet\u00e0 esclusiva di SICODIS o di terzi che hanno autorizzato SICODIS a utilizzarli. <\/div><\/div><div class=\"row\"><div class=\"col-xs-12 col-sm-12 col-md-12 col-lg-12 col-xl-12\"><p>Qualsiasi utilizzo o riproduzione da parte di terzi senza la previa autorizzazione di SICODIS costituisce una violazione del diritto d&#8217;autore e comporta una responsabilit\u00e0 da parte di SICODIS.<\/p><p>Anche le ricette e i consigli sono protetti da copyright. Non possono essere distribuiti, riprodotti o pubblicati. <\/p><\/div><\/div>\t\t\t\t\t\t\t\t<\/div>\n\t\t\t\t<div class=\"elementor-element elementor-element-2bb4458 elementor-widget elementor-widget-heading\" data-id=\"2bb4458\" data-element_type=\"widget\" data-e-type=\"widget\" data-widget_type=\"heading.default\">\n\t\t\t\t\t<h2 class=\"elementor-heading-title elementor-size-default\">6- Liquidazione dei sinistri<\/h2>\t\t\t\t<\/div>\n\t\t\t\t<div class=\"elementor-element elementor-element-4445d66 elementor-widget elementor-widget-text-editor\" data-id=\"4445d66\" data-element_type=\"widget\" data-e-type=\"widget\" data-widget_type=\"text-editor.default\">\n\t\t\t\t\t\t\t\t\t<div class=\"row\">Il nostro servizio clienti adminsiteweb@sicoly.fr \u00e8 a tua disposizione per la risoluzione di qualsiasi reclamo e, in assenza di una soluzione amichevole, qualsiasi controversia dovr\u00e0 essere sottoposta alla giurisdizione francese competente.<\/div>\t\t\t\t\t\t\t\t<\/div>\n\t\t\t\t<div class=\"elementor-element elementor-element-d9b8547 elementor-widget elementor-widget-heading\" data-id=\"d9b8547\" data-element_type=\"widget\" data-e-type=\"widget\" data-widget_type=\"heading.default\">\n\t\t\t\t\t<h2 class=\"elementor-heading-title elementor-size-default\">7- Responsabilit\u00e0 estesa del produttore EPR per gli imballaggi domestici<\/h2>\t\t\t\t<\/div>\n\t\t\t\t<div class=\"elementor-element elementor-element-5adf616 elementor-widget elementor-widget-text-editor\" data-id=\"5adf616\" data-element_type=\"widget\" data-e-type=\"widget\" data-widget_type=\"text-editor.default\">\n\t\t\t\t\t\t\t\t\t<div class=\"row\">SICODIS \u00e8 membro di un&#8217;organizzazione ecologica e ha il seguente numero di identificazione unico (IDU): FR210923_01NDMU.<\/div>\t\t\t\t\t\t\t\t<\/div>\n\t\t\t\t<\/div>\n\t\t\t\t\t<\/div>\n\t\t\t\t<\/div>\n\t\t\t\t<\/div>\n\t\t","protected":false},"excerpt":{"rendered":"<p>Informazioni legali 1- Informazioni generali Le presenti Condizioni d&#8217;uso hanno lo scopo di definire i termini di accesso e di utilizzo del sito web www.sicoly.fr. Le presenti Condizioni d&#8217;uso si applicano anche alle versioni www.sicoly.com, www.sicoly.es, www.sicoly.jp, www.sicoly.ae.org e www.sicoly.cn.com del sito web. La consultazione del sito \u00e8 subordinata alla piena accettazione e al rispetto [&hellip;]<\/p>\n","protected":false},"author":5,"featured_media":0,"parent":0,"menu_order":0,"comment_status":"closed","ping_status":"closed","template":"","meta":{"_acf_changed":false,"footnotes":""},"class_list":["post-8500","page","type-page","status-publish","hentry"],"acf":[],"yoast_head":"<!-- This site is optimized with the Yoast SEO plugin v27.4 - https:\/\/yoast.com\/product\/yoast-seo-wordpress\/ -->\n<title>Informazioni legali - Sicoly<\/title>\n<meta name=\"robots\" content=\"index, follow, max-snippet:-1, max-image-preview:large, max-video-preview:-1\" \/>\n<link rel=\"canonical\" href=\"https:\/\/www.sicoly.fr\/it\/informazioni-legali\/\" \/>\n<meta property=\"og:locale\" content=\"it_IT\" \/>\n<meta property=\"og:type\" content=\"article\" \/>\n<meta property=\"og:title\" content=\"Informazioni legali - Sicoly\" \/>\n<meta property=\"og:description\" content=\"Informazioni legali 1- Informazioni generali Le presenti Condizioni d&#8217;uso hanno lo scopo di definire i termini di accesso e di utilizzo del sito web www.sicoly.fr. Le presenti Condizioni d&#8217;uso si applicano anche alle versioni www.sicoly.com, www.sicoly.es, www.sicoly.jp, www.sicoly.ae.org e www.sicoly.cn.com del sito web. La consultazione del sito \u00e8 subordinata alla piena accettazione e al rispetto [&hellip;]\" \/>\n<meta property=\"og:url\" content=\"https:\/\/www.sicoly.fr\/it\/informazioni-legali\/\" \/>\n<meta property=\"og:site_name\" content=\"Sicoly\" \/>\n<meta property=\"article:modified_time\" content=\"2025-11-03T14:14:03+00:00\" \/>\n<meta name=\"twitter:card\" content=\"summary_large_image\" \/>\n<meta name=\"twitter:label1\" content=\"Tempo di lettura stimato\" \/>\n\t<meta name=\"twitter:data1\" content=\"5 minuto\" \/>\n<script type=\"application\/ld+json\" class=\"yoast-schema-graph\">{\"@context\":\"https:\\\/\\\/schema.org\",\"@graph\":[{\"@type\":\"WebPage\",\"@id\":\"https:\\\/\\\/www.sicoly.fr\\\/it\\\/informazioni-legali\\\/\",\"url\":\"https:\\\/\\\/www.sicoly.fr\\\/it\\\/informazioni-legali\\\/\",\"name\":\"Informazioni legali - Sicoly\",\"isPartOf\":{\"@id\":\"https:\\\/\\\/www.sicoly.fr\\\/it\\\/#website\"},\"datePublished\":\"2025-08-26T08:39:59+00:00\",\"dateModified\":\"2025-11-03T14:14:03+00:00\",\"breadcrumb\":{\"@id\":\"https:\\\/\\\/www.sicoly.fr\\\/it\\\/informazioni-legali\\\/#breadcrumb\"},\"inLanguage\":\"it-IT\",\"potentialAction\":[{\"@type\":\"ReadAction\",\"target\":[\"https:\\\/\\\/www.sicoly.fr\\\/it\\\/informazioni-legali\\\/\"]}]},{\"@type\":\"BreadcrumbList\",\"@id\":\"https:\\\/\\\/www.sicoly.fr\\\/it\\\/informazioni-legali\\\/#breadcrumb\",\"itemListElement\":[{\"@type\":\"ListItem\",\"position\":1,\"name\":\"Accueil\",\"item\":\"https:\\\/\\\/www.sicoly.fr\\\/it\\\/\"},{\"@type\":\"ListItem\",\"position\":2,\"name\":\"Informazioni legali\"}]},{\"@type\":\"WebSite\",\"@id\":\"https:\\\/\\\/www.sicoly.fr\\\/it\\\/#website\",\"url\":\"https:\\\/\\\/www.sicoly.fr\\\/it\\\/\",\"name\":\"Sicoly\",\"description\":\"Un site utilisant WordPress\",\"publisher\":{\"@id\":\"https:\\\/\\\/www.sicoly.fr\\\/it\\\/#organization\"},\"potentialAction\":[{\"@type\":\"SearchAction\",\"target\":{\"@type\":\"EntryPoint\",\"urlTemplate\":\"https:\\\/\\\/www.sicoly.fr\\\/it\\\/?s={search_term_string}\"},\"query-input\":{\"@type\":\"PropertyValueSpecification\",\"valueRequired\":true,\"valueName\":\"search_term_string\"}}],\"inLanguage\":\"it-IT\"},{\"@type\":\"Organization\",\"@id\":\"https:\\\/\\\/www.sicoly.fr\\\/it\\\/#organization\",\"name\":\"Sicoly\",\"url\":\"https:\\\/\\\/www.sicoly.fr\\\/it\\\/\",\"logo\":{\"@type\":\"ImageObject\",\"inLanguage\":\"it-IT\",\"@id\":\"https:\\\/\\\/www.sicoly.fr\\\/it\\\/#\\\/schema\\\/logo\\\/image\\\/\",\"url\":\"https:\\\/\\\/www.sicoly.fr\\\/wp-content\\\/uploads\\\/2025\\\/06\\\/logo-header.svg\",\"contentUrl\":\"https:\\\/\\\/www.sicoly.fr\\\/wp-content\\\/uploads\\\/2025\\\/06\\\/logo-header.svg\",\"width\":134,\"height\":75,\"caption\":\"Sicoly\"},\"image\":{\"@id\":\"https:\\\/\\\/www.sicoly.fr\\\/it\\\/#\\\/schema\\\/logo\\\/image\\\/\"},\"sameAs\":[\"https:\\\/\\\/www.instagram.com\\\/accounts\\\/login\\\/?next=sicoly_fruit\",\"https:\\\/\\\/www.youtube.com\\\/@sicoly-sicodis3526\",\"https:\\\/\\\/www.linkedin.com\\\/company\\\/sica-sicodis\\\/\"]}]}<\/script>\n<!-- \/ Yoast SEO plugin. -->","yoast_head_json":{"title":"Informazioni legali - Sicoly","robots":{"index":"index","follow":"follow","max-snippet":"max-snippet:-1","max-image-preview":"max-image-preview:large","max-video-preview":"max-video-preview:-1"},"canonical":"https:\/\/www.sicoly.fr\/it\/informazioni-legali\/","og_locale":"it_IT","og_type":"article","og_title":"Informazioni legali - Sicoly","og_description":"Informazioni legali 1- Informazioni generali Le presenti Condizioni d&#8217;uso hanno lo scopo di definire i termini di accesso e di utilizzo del sito web www.sicoly.fr. Le presenti Condizioni d&#8217;uso si applicano anche alle versioni www.sicoly.com, www.sicoly.es, www.sicoly.jp, www.sicoly.ae.org e www.sicoly.cn.com del sito web. La consultazione del sito \u00e8 subordinata alla piena accettazione e al rispetto [&hellip;]","og_url":"https:\/\/www.sicoly.fr\/it\/informazioni-legali\/","og_site_name":"Sicoly","article_modified_time":"2025-11-03T14:14:03+00:00","twitter_card":"summary_large_image","twitter_misc":{"Tempo di lettura stimato":"5 minuto"},"schema":{"@context":"https:\/\/schema.org","@graph":[{"@type":"WebPage","@id":"https:\/\/www.sicoly.fr\/it\/informazioni-legali\/","url":"https:\/\/www.sicoly.fr\/it\/informazioni-legali\/","name":"Informazioni legali - Sicoly","isPartOf":{"@id":"https:\/\/www.sicoly.fr\/it\/#website"},"datePublished":"2025-08-26T08:39:59+00:00","dateModified":"2025-11-03T14:14:03+00:00","breadcrumb":{"@id":"https:\/\/www.sicoly.fr\/it\/informazioni-legali\/#breadcrumb"},"inLanguage":"it-IT","potentialAction":[{"@type":"ReadAction","target":["https:\/\/www.sicoly.fr\/it\/informazioni-legali\/"]}]},{"@type":"BreadcrumbList","@id":"https:\/\/www.sicoly.fr\/it\/informazioni-legali\/#breadcrumb","itemListElement":[{"@type":"ListItem","position":1,"name":"Accueil","item":"https:\/\/www.sicoly.fr\/it\/"},{"@type":"ListItem","position":2,"name":"Informazioni legali"}]},{"@type":"WebSite","@id":"https:\/\/www.sicoly.fr\/it\/#website","url":"https:\/\/www.sicoly.fr\/it\/","name":"Sicoly","description":"Un site utilisant WordPress","publisher":{"@id":"https:\/\/www.sicoly.fr\/it\/#organization"},"potentialAction":[{"@type":"SearchAction","target":{"@type":"EntryPoint","urlTemplate":"https:\/\/www.sicoly.fr\/it\/?s={search_term_string}"},"query-input":{"@type":"PropertyValueSpecification","valueRequired":true,"valueName":"search_term_string"}}],"inLanguage":"it-IT"},{"@type":"Organization","@id":"https:\/\/www.sicoly.fr\/it\/#organization","name":"Sicoly","url":"https:\/\/www.sicoly.fr\/it\/","logo":{"@type":"ImageObject","inLanguage":"it-IT","@id":"https:\/\/www.sicoly.fr\/it\/#\/schema\/logo\/image\/","url":"https:\/\/www.sicoly.fr\/wp-content\/uploads\/2025\/06\/logo-header.svg","contentUrl":"https:\/\/www.sicoly.fr\/wp-content\/uploads\/2025\/06\/logo-header.svg","width":134,"height":75,"caption":"Sicoly"},"image":{"@id":"https:\/\/www.sicoly.fr\/it\/#\/schema\/logo\/image\/"},"sameAs":["https:\/\/www.instagram.com\/accounts\/login\/?next=sicoly_fruit","https:\/\/www.youtube.com\/@sicoly-sicodis3526","https:\/\/www.linkedin.com\/company\/sica-sicodis\/"]}]}},"_links":{"self":[{"href":"https:\/\/www.sicoly.fr\/it\/wp-json\/wp\/v2\/pages\/8500","targetHints":{"allow":["GET"]}}],"collection":[{"href":"https:\/\/www.sicoly.fr\/it\/wp-json\/wp\/v2\/pages"}],"about":[{"href":"https:\/\/www.sicoly.fr\/it\/wp-json\/wp\/v2\/types\/page"}],"author":[{"embeddable":true,"href":"https:\/\/www.sicoly.fr\/it\/wp-json\/wp\/v2\/users\/5"}],"replies":[{"embeddable":true,"href":"https:\/\/www.sicoly.fr\/it\/wp-json\/wp\/v2\/comments?post=8500"}],"version-history":[{"count":0,"href":"https:\/\/www.sicoly.fr\/it\/wp-json\/wp\/v2\/pages\/8500\/revisions"}],"wp:attachment":[{"href":"https:\/\/www.sicoly.fr\/it\/wp-json\/wp\/v2\/media?parent=8500"}],"curies":[{"name":"wp","href":"https:\/\/api.w.org\/{rel}","templated":true}]}}