{"id":18115,"date":"2026-05-04T15:13:19","date_gmt":"2026-05-04T13:13:19","guid":{"rendered":"https:\/\/www.sicoly.fr\/?page_id=18115"},"modified":"2026-05-04T15:13:22","modified_gmt":"2026-05-04T13:13:22","slug":"politique-cookies","status":"publish","type":"page","link":"https:\/\/www.sicoly.fr\/zh-hans\/politique-cookies\/","title":{"rendered":"Politique cookies"},"content":{"rendered":"\t\t<div data-elementor-type=\"wp-page\" data-elementor-id=\"18115\" class=\"elementor elementor-18115\" data-elementor-post-type=\"page\">\n\t\t\t\t<div class=\"elementor-element elementor-element-6f87db6b e-flex e-con-boxed e-con e-parent\" data-id=\"6f87db6b\" data-element_type=\"container\" data-e-type=\"container\">\n\t\t\t\t\t<div class=\"e-con-inner\">\n\t\t\t\t<div class=\"elementor-element elementor-element-3014e97a elementor-widget elementor-widget-text-editor\" data-id=\"3014e97a\" data-element_type=\"widget\" data-e-type=\"widget\" data-widget_type=\"text-editor.default\">\n\t\t\t\t\t\t\t\t\t<div><p>\u00a0<\/p><p>\u00a0<\/p><h4>Qu\u2019est-ce qu\u2019un cookie ?<\/h4><p><br aria-hidden=\"true\" \/>Un cookie est un petit fichier texte d\u00e9pos\u00e9 sur votre terminal (ordinateur, tablette, smartphone) lors de votre visite sur un site internet.<br aria-hidden=\"true\" \/>Il permet notamment de collecter des informations relatives \u00e0 votre navigation et de vous proposer une exp\u00e9rience adapt\u00e9e.<\/p><h4>Pourquoi utilisons-nous des cookies ?<\/h4><p><br aria-hidden=\"true\" \/>Le site de la soci\u00e9t\u00e9 Sicoly utilise des cookies pour :<\/p><\/div><ul><li>Assurer le bon fonctionnement du site<\/li><li>Mesurer l\u2019audience et analyser la navigation<\/li><li>Am\u00e9liorer l\u2019exp\u00e9rience utilisateur<\/li><li>Proposer des contenus adapt\u00e9s<\/li><\/ul><div><h4>Types de cookies utilis\u00e9s\u00a0<\/h4><p>Ces cookies sont indispensables au fonctionnement du site et ne peuvent pas \u00eatre d\u00e9sactiv\u00e9s.<br aria-hidden=\"true\" \/>Ils permettent par exemple :<\/p><\/div><ul><li>L\u2019acc\u00e8s aux fonctionnalit\u00e9s essentielles<\/li><li>La s\u00e9curisation du site<\/li><\/ul><div><p>Cookies de mesure d\u2019audience<br aria-hidden=\"true\" \/>Ces cookies permettent de mesurer la fr\u00e9quentation du site et d\u2019analyser la mani\u00e8re dont les utilisateurs naviguent.<br aria-hidden=\"true\" \/>Ils servent \u00e0 :<\/p><\/div><ul><li>\u00c9tablir des statistiques de visite<\/li><li>Am\u00e9liorer les performances du site<\/li><\/ul><div><p>\u00a0Cookies de personnalisation<br aria-hidden=\"true\" \/>Ces cookies permettent d\u2019adapter l\u2019affichage du site selon vos pr\u00e9f\u00e9rences (langue, type d\u2019appareil, etc.).<\/p><p>\u00a0Cookies marketing (le cas \u00e9ch\u00e9ant)<br aria-hidden=\"true\" \/>Ces cookies peuvent \u00eatre utilis\u00e9s pour :<\/p><\/div><ul><li>Vous proposer des contenus adapt\u00e9s<\/li><li>Mesurer l\u2019efficacit\u00e9 des campagnes<\/li><\/ul><div><p>Ils ne sont d\u00e9pos\u00e9s qu\u2019avec votre consentement.<\/p><h4>Consentement<\/h4><p>Lors de votre premi\u00e8re visite sur le site, un bandeau vous informe de l\u2019utilisation des cookies.<br aria-hidden=\"true\" \/>Vous pouvez :<\/p><\/div><ul><li>Accepter tous les cookies<\/li><li>Refuser les cookies non essentiels<\/li><li>Personnaliser vos choix<\/li><\/ul><div><p>Vous pouvez modifier vos pr\u00e9f\u00e9rences \u00e0 tout moment via le bandeau de gestion des cookies.<\/p><h4>Dur\u00e9e de conservation<\/h4><p>Les cookies sont conserv\u00e9s pour une dur\u00e9e maximale de <b>13 mois<\/b> conform\u00e9ment \u00e0 la r\u00e9glementation en vigueur.<\/p><h4>Gestion des cookies<\/h4><p>Vous pouvez \u00e9galement configurer votre navigateur pour :<\/p><\/div><ul><li>Accepter ou refuser les cookies<\/li><li>Supprimer les cookies existants<\/li><\/ul><div><p>La configuration d\u00e9pend de votre navigateur (Chrome, Safari, Firefox, etc.).<\/p><h4>Vos droits<\/h4><p>Pour en savoir plus sur la gestion de vos donn\u00e9es personnelles et exercer vos droits, vous pouvez consulter notre politique de confidentialit\u00e9.<br aria-hidden=\"true\" \/>Conform\u00e9ment au R\u00e8glement G\u00e9n\u00e9ral sur la Protection des Donn\u00e9es, vous disposez de droits sur vos donn\u00e9es personnelles.<br aria-hidden=\"true\" \/>Vous pouvez \u00e9galement introduire une r\u00e9clamation aupr\u00e8s de la CNIL.<\/p><h4>Contact<\/h4><p>Pour toute question relative \u00e0 cette politique de cookies, vous pouvez contacter :<\/p><\/div><ul><li><b>Amandine Belvito<\/b><\/li><li>Email : <b><span draggable=\"true\"><a href=\"mailto:A.BELVITO@sicoly.fr\" target=\"_blank\" rel=\"noopener noreferrer\" aria-haspopup=\"menu\" data-wplink-edit=\"true\">A.BELVITO@sicoly.fr<\/a><\/span><\/b><\/li><\/ul>\t\t\t\t\t\t\t\t<\/div>\n\t\t\t\t\t<\/div>\n\t\t\t\t<\/div>\n\t\t\t\t<\/div>\n\t\t","protected":false},"excerpt":{"rendered":"<p>\u00a0 \u00a0 Qu\u2019est-ce qu\u2019un cookie ? Un cookie est un petit fic [&hellip;]<\/p>\n","protected":false},"author":2,"featured_media":0,"parent":0,"menu_order":0,"comment_status":"closed","ping_status":"closed","template":"","meta":{"_acf_changed":false,"footnotes":""},"class_list":["post-18115","page","type-page","status-publish","hentry"],"acf":[],"yoast_head":"<!-- This site is optimized with the Yoast SEO plugin v27.4 - https:\/\/yoast.com\/product\/yoast-seo-wordpress\/ -->\n<title>Politique cookies - Sicoly<\/title>\n<meta name=\"robots\" content=\"index, follow, max-snippet:-1, max-image-preview:large, max-video-preview:-1\" \/>\n<link rel=\"canonical\" href=\"https:\/\/www.sicoly.fr\/zh-hans\/politique-cookies\/\" \/>\n<meta property=\"og:locale\" content=\"zh_CN\" \/>\n<meta property=\"og:type\" content=\"article\" \/>\n<meta property=\"og:title\" content=\"Politique cookies - Sicoly\" \/>\n<meta property=\"og:description\" content=\"\u00a0 \u00a0 Qu\u2019est-ce qu\u2019un cookie ? Un cookie est un petit fic [&hellip;]\" \/>\n<meta property=\"og:url\" content=\"https:\/\/www.sicoly.fr\/zh-hans\/politique-cookies\/\" \/>\n<meta property=\"og:site_name\" content=\"Sicoly\" \/>\n<meta property=\"article:modified_time\" content=\"2026-05-04T13:13:22+00:00\" \/>\n<meta name=\"twitter:card\" content=\"summary_large_image\" \/>\n<meta name=\"twitter:label1\" content=\"\u9884\u8ba1\u9605\u8bfb\u65f6\u95f4\" \/>\n\t<meta name=\"twitter:data1\" content=\"2 \u5206\" \/>\n<script type=\"application\/ld+json\" class=\"yoast-schema-graph\">{\"@context\":\"https:\\\/\\\/schema.org\",\"@graph\":[{\"@type\":\"WebPage\",\"@id\":\"https:\\\/\\\/www.sicoly.fr\\\/zh-hans\\\/politique-cookies\\\/\",\"url\":\"https:\\\/\\\/www.sicoly.fr\\\/zh-hans\\\/politique-cookies\\\/\",\"name\":\"Politique cookies - Sicoly\",\"isPartOf\":{\"@id\":\"https:\\\/\\\/www.sicoly.fr\\\/zh-hans\\\/#website\"},\"datePublished\":\"2026-05-04T13:13:19+00:00\",\"dateModified\":\"2026-05-04T13:13:22+00:00\",\"breadcrumb\":{\"@id\":\"https:\\\/\\\/www.sicoly.fr\\\/zh-hans\\\/politique-cookies\\\/#breadcrumb\"},\"inLanguage\":\"zh-Hans\",\"potentialAction\":[{\"@type\":\"ReadAction\",\"target\":[\"https:\\\/\\\/www.sicoly.fr\\\/zh-hans\\\/politique-cookies\\\/\"]}]},{\"@type\":\"BreadcrumbList\",\"@id\":\"https:\\\/\\\/www.sicoly.fr\\\/zh-hans\\\/politique-cookies\\\/#breadcrumb\",\"itemListElement\":[{\"@type\":\"ListItem\",\"position\":1,\"name\":\"Accueil\",\"item\":\"https:\\\/\\\/www.sicoly.fr\\\/zh-hans\\\/\"},{\"@type\":\"ListItem\",\"position\":2,\"name\":\"Politique cookies\"}]},{\"@type\":\"WebSite\",\"@id\":\"https:\\\/\\\/www.sicoly.fr\\\/zh-hans\\\/#website\",\"url\":\"https:\\\/\\\/www.sicoly.fr\\\/zh-hans\\\/\",\"name\":\"Sicoly\",\"description\":\"Un site utilisant WordPress\",\"publisher\":{\"@id\":\"https:\\\/\\\/www.sicoly.fr\\\/zh-hans\\\/#organization\"},\"potentialAction\":[{\"@type\":\"SearchAction\",\"target\":{\"@type\":\"EntryPoint\",\"urlTemplate\":\"https:\\\/\\\/www.sicoly.fr\\\/zh-hans\\\/?s={search_term_string}\"},\"query-input\":{\"@type\":\"PropertyValueSpecification\",\"valueRequired\":true,\"valueName\":\"search_term_string\"}}],\"inLanguage\":\"zh-Hans\"},{\"@type\":\"Organization\",\"@id\":\"https:\\\/\\\/www.sicoly.fr\\\/zh-hans\\\/#organization\",\"name\":\"Sicoly\",\"url\":\"https:\\\/\\\/www.sicoly.fr\\\/zh-hans\\\/\",\"logo\":{\"@type\":\"ImageObject\",\"inLanguage\":\"zh-Hans\",\"@id\":\"https:\\\/\\\/www.sicoly.fr\\\/zh-hans\\\/#\\\/schema\\\/logo\\\/image\\\/\",\"url\":\"https:\\\/\\\/www.sicoly.fr\\\/wp-content\\\/uploads\\\/2025\\\/06\\\/logo-header.svg\",\"contentUrl\":\"https:\\\/\\\/www.sicoly.fr\\\/wp-content\\\/uploads\\\/2025\\\/06\\\/logo-header.svg\",\"width\":134,\"height\":75,\"caption\":\"Sicoly\"},\"image\":{\"@id\":\"https:\\\/\\\/www.sicoly.fr\\\/zh-hans\\\/#\\\/schema\\\/logo\\\/image\\\/\"},\"sameAs\":[\"https:\\\/\\\/www.instagram.com\\\/accounts\\\/login\\\/?next=sicoly_fruit\",\"https:\\\/\\\/www.youtube.com\\\/@sicoly-sicodis3526\",\"https:\\\/\\\/www.linkedin.com\\\/company\\\/sica-sicodis\\\/\"]}]}<\/script>\n<!-- \/ Yoast SEO plugin. -->","yoast_head_json":{"title":"Politique cookies - Sicoly","robots":{"index":"index","follow":"follow","max-snippet":"max-snippet:-1","max-image-preview":"max-image-preview:large","max-video-preview":"max-video-preview:-1"},"canonical":"https:\/\/www.sicoly.fr\/zh-hans\/politique-cookies\/","og_locale":"zh_CN","og_type":"article","og_title":"Politique cookies - Sicoly","og_description":"\u00a0 \u00a0 Qu\u2019est-ce qu\u2019un cookie ? Un cookie est un petit fic [&hellip;]","og_url":"https:\/\/www.sicoly.fr\/zh-hans\/politique-cookies\/","og_site_name":"Sicoly","article_modified_time":"2026-05-04T13:13:22+00:00","twitter_card":"summary_large_image","twitter_misc":{"\u9884\u8ba1\u9605\u8bfb\u65f6\u95f4":"2 \u5206"},"schema":{"@context":"https:\/\/schema.org","@graph":[{"@type":"WebPage","@id":"https:\/\/www.sicoly.fr\/zh-hans\/politique-cookies\/","url":"https:\/\/www.sicoly.fr\/zh-hans\/politique-cookies\/","name":"Politique cookies - Sicoly","isPartOf":{"@id":"https:\/\/www.sicoly.fr\/zh-hans\/#website"},"datePublished":"2026-05-04T13:13:19+00:00","dateModified":"2026-05-04T13:13:22+00:00","breadcrumb":{"@id":"https:\/\/www.sicoly.fr\/zh-hans\/politique-cookies\/#breadcrumb"},"inLanguage":"zh-Hans","potentialAction":[{"@type":"ReadAction","target":["https:\/\/www.sicoly.fr\/zh-hans\/politique-cookies\/"]}]},{"@type":"BreadcrumbList","@id":"https:\/\/www.sicoly.fr\/zh-hans\/politique-cookies\/#breadcrumb","itemListElement":[{"@type":"ListItem","position":1,"name":"Accueil","item":"https:\/\/www.sicoly.fr\/zh-hans\/"},{"@type":"ListItem","position":2,"name":"Politique cookies"}]},{"@type":"WebSite","@id":"https:\/\/www.sicoly.fr\/zh-hans\/#website","url":"https:\/\/www.sicoly.fr\/zh-hans\/","name":"Sicoly","description":"Un site utilisant WordPress","publisher":{"@id":"https:\/\/www.sicoly.fr\/zh-hans\/#organization"},"potentialAction":[{"@type":"SearchAction","target":{"@type":"EntryPoint","urlTemplate":"https:\/\/www.sicoly.fr\/zh-hans\/?s={search_term_string}"},"query-input":{"@type":"PropertyValueSpecification","valueRequired":true,"valueName":"search_term_string"}}],"inLanguage":"zh-Hans"},{"@type":"Organization","@id":"https:\/\/www.sicoly.fr\/zh-hans\/#organization","name":"Sicoly","url":"https:\/\/www.sicoly.fr\/zh-hans\/","logo":{"@type":"ImageObject","inLanguage":"zh-Hans","@id":"https:\/\/www.sicoly.fr\/zh-hans\/#\/schema\/logo\/image\/","url":"https:\/\/www.sicoly.fr\/wp-content\/uploads\/2025\/06\/logo-header.svg","contentUrl":"https:\/\/www.sicoly.fr\/wp-content\/uploads\/2025\/06\/logo-header.svg","width":134,"height":75,"caption":"Sicoly"},"image":{"@id":"https:\/\/www.sicoly.fr\/zh-hans\/#\/schema\/logo\/image\/"},"sameAs":["https:\/\/www.instagram.com\/accounts\/login\/?next=sicoly_fruit","https:\/\/www.youtube.com\/@sicoly-sicodis3526","https:\/\/www.linkedin.com\/company\/sica-sicodis\/"]}]}},"_links":{"self":[{"href":"https:\/\/www.sicoly.fr\/zh-hans\/wp-json\/wp\/v2\/pages\/18115","targetHints":{"allow":["GET"]}}],"collection":[{"href":"https:\/\/www.sicoly.fr\/zh-hans\/wp-json\/wp\/v2\/pages"}],"about":[{"href":"https:\/\/www.sicoly.fr\/zh-hans\/wp-json\/wp\/v2\/types\/page"}],"author":[{"embeddable":true,"href":"https:\/\/www.sicoly.fr\/zh-hans\/wp-json\/wp\/v2\/users\/2"}],"replies":[{"embeddable":true,"href":"https:\/\/www.sicoly.fr\/zh-hans\/wp-json\/wp\/v2\/comments?post=18115"}],"version-history":[{"count":5,"href":"https:\/\/www.sicoly.fr\/zh-hans\/wp-json\/wp\/v2\/pages\/18115\/revisions"}],"predecessor-version":[{"id":18124,"href":"https:\/\/www.sicoly.fr\/zh-hans\/wp-json\/wp\/v2\/pages\/18115\/revisions\/18124"}],"wp:attachment":[{"href":"https:\/\/www.sicoly.fr\/zh-hans\/wp-json\/wp\/v2\/media?parent=18115"}],"curies":[{"name":"wp","href":"https:\/\/api.w.org\/{rel}","templated":true}]}}